{"id":1045,"date":"2021-09-30T12:03:41","date_gmt":"2021-09-30T12:03:41","guid":{"rendered":"http:\/\/neotraveldesigners.com\/?page_id=1045"},"modified":"2021-10-29T09:30:34","modified_gmt":"2021-10-29T09:30:34","slug":"aventura-y-safaris","status":"publish","type":"page","link":"https:\/\/neotraveldesigners.com\/de\/travel-design\/aventura-y-safaris","title":{"rendered":"Abenteuer und Safaris"},"content":{"rendered":"<div data-vc-full-width=\"true\" data-vc-full-width-init=\"false\" class=\"vc_row wpb_row vc_row-fluid vc_custom_1635499563314 vc_row-o-equal-height vc_row-o-content-middle vc_row-flex\"><div class=\"wpb_column vc_column_container vc_col-sm-6\"><div class=\"vc_column-inner\"><div class=\"wpb_wrapper\">\n\t<div class=\"wpb_text_column wpb_content_element\" >\n\t\t<div class=\"wpb_wrapper\">\n\t\t\t<h4 style=\"text-align: center;\">ADVENTUREN<\/h4>\n<p style=\"text-align: center;\"><span style=\"font-weight: 400;\">Abenteuerreisen sind etwas f\u00fcr Neugierige, f\u00fcr Menschen, die den Nervenkitzel suchen, f\u00fcr Menschen, die gerne an ihre Grenzen gehen. Von der Verfolgung der Gro\u00dfen Gnu-Wanderung in Tansania \u00fcber die Besteigung einiger der gr\u00f6\u00dften Berggipfel Indiens bis hin zur Fahrt auf dem Mekong in Kambodscha und Vietnam - die Neo Travel Designers bieten Ihnen ein Erlebnis, das Ihr Herz h\u00f6her schlagen l\u00e4sst, Sie die Sch\u00f6nheit der Natur genie\u00dfen l\u00e4sst oder Sie einfach in die lokale Kultur eines Reiseziels eintauchen l\u00e4sst. Entdecken Sie Ihre wilde und abenteuerliche Seite und begeben Sie sich mit einer unserer Reisen auf Ihre ganz pers\u00f6nliche Entdeckungsreise.<\/span><\/p>\n\n\t\t<\/div>\n\t<\/div>\n<\/div><\/div><\/div><div class=\"wpb_column vc_column_container vc_col-sm-6\"><div class=\"vc_column-inner\"><div class=\"wpb_wrapper\">\n\t<div  class=\"wpb_single_image wpb_content_element vc_align_center\">\n\t\t\n\t\t<figure class=\"wpb_wrapper vc_figure\">\n\t\t\t<div class=\"vc_single_image-wrapper vc_box_shadow  vc_box_border_grey\"><img width=\"1920\" height=\"1275\" src=\"https:\/\/neotraveldesigners.com\/wp-content\/uploads\/2021\/09\/Sur-de-Africa-Viajes.jpg\" class=\"vc_single_image-img attachment-full\" alt=\"\" loading=\"lazy\" srcset=\"https:\/\/neotraveldesigners.com\/wp-content\/uploads\/2021\/09\/Sur-de-Africa-Viajes.jpg 1920w, https:\/\/neotraveldesigners.com\/wp-content\/uploads\/2021\/09\/Sur-de-Africa-Viajes-300x199.jpg 300w, https:\/\/neotraveldesigners.com\/wp-content\/uploads\/2021\/09\/Sur-de-Africa-Viajes-1024x680.jpg 1024w, https:\/\/neotraveldesigners.com\/wp-content\/uploads\/2021\/09\/Sur-de-Africa-Viajes-768x510.jpg 768w, https:\/\/neotraveldesigners.com\/wp-content\/uploads\/2021\/09\/Sur-de-Africa-Viajes-1536x1020.jpg 1536w, https:\/\/neotraveldesigners.com\/wp-content\/uploads\/2021\/09\/Sur-de-Africa-Viajes-18x12.jpg 18w, https:\/\/neotraveldesigners.com\/wp-content\/uploads\/2021\/09\/Sur-de-Africa-Viajes-500x332.jpg 500w, https:\/\/neotraveldesigners.com\/wp-content\/uploads\/2021\/09\/Sur-de-Africa-Viajes-800x531.jpg 800w, https:\/\/neotraveldesigners.com\/wp-content\/uploads\/2021\/09\/Sur-de-Africa-Viajes-1280x850.jpg 1280w\" sizes=\"(max-width: 1920px) 100vw, 1920px\" \/><\/div>\n\t\t<\/figure>\n\t<\/div>\n<\/div><\/div><\/div><\/div><div class=\"vc_row-full-width vc_clearfix\"><\/div><div data-vc-full-width=\"true\" data-vc-full-width-init=\"false\" class=\"vc_row wpb_row vc_row-fluid vc_custom_1635499603403 vc_rtl-columns-reverse vc_row-o-equal-height vc_row-o-content-middle vc_row-flex\"><div class=\"wpb_column vc_column_container vc_col-sm-6\"><div class=\"vc_column-inner\"><div class=\"wpb_wrapper\">\n\t<div  class=\"wpb_single_image wpb_content_element vc_align_center\">\n\t\t\n\t\t<figure class=\"wpb_wrapper vc_figure\">\n\t\t\t<div class=\"vc_single_image-wrapper vc_box_shadow  vc_box_border_grey\"><img width=\"1500\" height=\"1000\" src=\"https:\/\/neotraveldesigners.com\/wp-content\/uploads\/2021\/10\/Maasai-Mara-Kenia-Reserva.jpg\" class=\"vc_single_image-img attachment-full\" alt=\"\" loading=\"lazy\" srcset=\"https:\/\/neotraveldesigners.com\/wp-content\/uploads\/2021\/10\/Maasai-Mara-Kenia-Reserva.jpg 1500w, https:\/\/neotraveldesigners.com\/wp-content\/uploads\/2021\/10\/Maasai-Mara-Kenia-Reserva-300x200.jpg 300w, https:\/\/neotraveldesigners.com\/wp-content\/uploads\/2021\/10\/Maasai-Mara-Kenia-Reserva-1024x683.jpg 1024w, https:\/\/neotraveldesigners.com\/wp-content\/uploads\/2021\/10\/Maasai-Mara-Kenia-Reserva-768x512.jpg 768w, https:\/\/neotraveldesigners.com\/wp-content\/uploads\/2021\/10\/Maasai-Mara-Kenia-Reserva-18x12.jpg 18w, https:\/\/neotraveldesigners.com\/wp-content\/uploads\/2021\/10\/Maasai-Mara-Kenia-Reserva-500x333.jpg 500w, https:\/\/neotraveldesigners.com\/wp-content\/uploads\/2021\/10\/Maasai-Mara-Kenia-Reserva-800x533.jpg 800w, https:\/\/neotraveldesigners.com\/wp-content\/uploads\/2021\/10\/Maasai-Mara-Kenia-Reserva-1280x853.jpg 1280w\" sizes=\"(max-width: 1500px) 100vw, 1500px\" \/><\/div>\n\t\t<\/figure>\n\t<\/div>\n<\/div><\/div><\/div><div class=\"wpb_column vc_column_container vc_col-sm-6\"><div class=\"vc_column-inner\"><div class=\"wpb_wrapper\">\n\t<div class=\"wpb_text_column wpb_content_element\" >\n\t\t<div class=\"wpb_wrapper\">\n\t\t\t<h4 style=\"text-align: center;\">SAFARIS<\/h4>\n<p style=\"text-align: center;\"><span style=\"font-weight: 400;\">Eine Safari kann eine der entmutigendsten Arten von Urlaub sein, die es zu planen gilt. Das liegt daran, dass es sich f\u00fcr viele Menschen um eine einmalige Reise handelt, was bedeutet, dass der Druck gro\u00df ist, alles perfekt zu machen. Wir arbeiten mit vertrauensw\u00fcrdigen Lieferanten und den Besten der Besten in Bezug auf Lager, um sicherzustellen, dass Ihre Tr\u00e4ume wahr werden. Von der Gro\u00dfen Gnuwanderung durch die Serengeti und die Masai Mara bis hin zu einer Wanderung durch die W\u00e4lder des Volcanoes National Park auf der Suche nach Gorillas - wir planen Ihr ultimatives Abenteuer. Nicht zu vergessen eine kleine Safari nach der Erholung an den K\u00fcsten Mosambiks oder auf den tropischen Inseln der Seychellen.<\/span><\/p>\n\n\t\t<\/div>\n\t<\/div>\n<\/div><\/div><\/div><\/div><div class=\"vc_row-full-width vc_clearfix\"><\/div>","protected":false},"excerpt":{"rendered":"ABENTEUER Abenteuerreisen sind etwas f\u00fcr Neugierige, f\u00fcr Menschen, die den Nervenkitzel suchen, f\u00fcr Menschen, die gerne an ihre Grenzen gehen. Von der Verfolgung der Gro\u00dfen Gnuwanderung in Tansania \u00fcber das Erklimmen einiger der gr\u00f6\u00dften Berggipfel Indiens bis hin zur Fahrt auf dem Mekong in Kambodscha und Vietnam - Neo Travel Designers bietet Ihnen ein Erlebnis, das Ihr Herz h\u00f6her schlagen l\u00e4sst, Sie die Sch\u00f6nheit der Natur genie\u00dfen l\u00e4sst oder Ihnen einfach die M\u00f6glichkeit gibt, in die lokale Kultur eines Reiseziels einzutauchen. Entdecken Sie Ihre wilde Seite und...","protected":false},"author":1,"featured_media":1223,"parent":44,"menu_order":3,"comment_status":"closed","ping_status":"closed","template":"","meta":[],"blocksy_meta":{"styles_descriptor":{"styles":{"desktop":"","tablet":"","mobile":""},"google_fonts":[],"version":2}},"yoast_head":"<!-- This site is optimized with the Yoast SEO plugin v17.5 - https:\/\/yoast.com\/wordpress\/plugins\/seo\/ -->\n<title>Aventura y safaris - NEOTRAVEL DESIGNERS<\/title>\n<meta name=\"robots\" content=\"index, follow, max-snippet:-1, max-image-preview:large, max-video-preview:-1\" \/>\n<link rel=\"canonical\" href=\"https:\/\/neotraveldesigners.com\/de\/travel-design\/aventura-y-safaris\/\" \/>\n<meta property=\"og:locale\" content=\"de_DE\" \/>\n<meta property=\"og:type\" content=\"article\" \/>\n<meta property=\"og:title\" content=\"Aventura y safaris - NEOTRAVEL DESIGNERS\" \/>\n<meta property=\"og:url\" content=\"https:\/\/neotraveldesigners.com\/de\/travel-design\/aventura-y-safaris\/\" \/>\n<meta property=\"og:site_name\" content=\"NEOTRAVEL DESIGNERS\" \/>\n<meta property=\"article:modified_time\" content=\"2021-10-29T09:30:34+00:00\" \/>\n<meta property=\"og:image\" content=\"https:\/\/neotraveldesigners.com\/wp-content\/uploads\/2021\/10\/Aventuras-y-Safaris.jpg\" \/>\n\t<meta property=\"og:image:width\" content=\"2000\" \/>\n\t<meta property=\"og:image:height\" content=\"1333\" \/>\n<meta name=\"twitter:card\" content=\"summary_large_image\" \/>\n<meta name=\"twitter:label1\" content=\"Gesch\u00e4tzte Lesezeit\" \/>\n\t<meta name=\"twitter:data1\" content=\"2 Minuten\" \/>\n<script type=\"application\/ld+json\" class=\"yoast-schema-graph\">{\"@context\":\"https:\/\/schema.org\",\"@graph\":[{\"@type\":\"WebSite\",\"@id\":\"https:\/\/neotraveldesigners.com\/esp\/#website\",\"url\":\"https:\/\/neotraveldesigners.com\/esp\/\",\"name\":\"NEOTRAVEL DESIGNERS\",\"description\":\"Explorando lo aut\\u00e9ntico\",\"potentialAction\":[{\"@type\":\"SearchAction\",\"target\":{\"@type\":\"EntryPoint\",\"urlTemplate\":\"https:\/\/neotraveldesigners.com\/esp\/?s={search_term_string}\"},\"query-input\":\"required name=search_term_string\"}],\"inLanguage\":\"de-DE\"},{\"@type\":\"ImageObject\",\"@id\":\"https:\/\/neotraveldesigners.com\/travel-design\/aventura-y-safaris#primaryimage\",\"inLanguage\":\"de-DE\",\"url\":\"https:\/\/neotraveldesigners.com\/wp-content\/uploads\/2021\/10\/Aventuras-y-Safaris.jpg\",\"contentUrl\":\"https:\/\/neotraveldesigners.com\/wp-content\/uploads\/2021\/10\/Aventuras-y-Safaris.jpg\",\"width\":2000,\"height\":1333,\"caption\":\"Wild giraffes in african savannah. Tanzania. National park Serengeti.\"},{\"@type\":\"WebPage\",\"@id\":\"https:\/\/neotraveldesigners.com\/travel-design\/aventura-y-safaris#webpage\",\"url\":\"https:\/\/neotraveldesigners.com\/travel-design\/aventura-y-safaris\",\"name\":\"Aventura y safaris - NEOTRAVEL DESIGNERS\",\"isPartOf\":{\"@id\":\"https:\/\/neotraveldesigners.com\/esp\/#website\"},\"primaryImageOfPage\":{\"@id\":\"https:\/\/neotraveldesigners.com\/travel-design\/aventura-y-safaris#primaryimage\"},\"datePublished\":\"2021-09-30T12:03:41+00:00\",\"dateModified\":\"2021-10-29T09:30:34+00:00\",\"breadcrumb\":{\"@id\":\"https:\/\/neotraveldesigners.com\/travel-design\/aventura-y-safaris#breadcrumb\"},\"inLanguage\":\"de-DE\",\"potentialAction\":[{\"@type\":\"ReadAction\",\"target\":[\"https:\/\/neotraveldesigners.com\/travel-design\/aventura-y-safaris\"]}]},{\"@type\":\"BreadcrumbList\",\"@id\":\"https:\/\/neotraveldesigners.com\/travel-design\/aventura-y-safaris#breadcrumb\",\"itemListElement\":[{\"@type\":\"ListItem\",\"position\":1,\"name\":\"Portada\",\"item\":\"https:\/\/neotraveldesigners.com\/\"},{\"@type\":\"ListItem\",\"position\":2,\"name\":\"Travel Design\",\"item\":\"https:\/\/neotraveldesigners.com\/travel-design\"},{\"@type\":\"ListItem\",\"position\":3,\"name\":\"Aventura y safaris\"}]}]}<\/script>\n<!-- \/ Yoast SEO plugin. -->","yoast_head_json":{"title":"Aventura y safaris - NEOTRAVEL DESIGNERS","robots":{"index":"index","follow":"follow","max-snippet":"max-snippet:-1","max-image-preview":"max-image-preview:large","max-video-preview":"max-video-preview:-1"},"canonical":"https:\/\/neotraveldesigners.com\/de\/travel-design\/aventura-y-safaris\/","og_locale":"de_DE","og_type":"article","og_title":"Aventura y safaris - NEOTRAVEL DESIGNERS","og_url":"https:\/\/neotraveldesigners.com\/de\/travel-design\/aventura-y-safaris\/","og_site_name":"NEOTRAVEL DESIGNERS","article_modified_time":"2021-10-29T09:30:34+00:00","og_image":[{"width":2000,"height":1333,"url":"https:\/\/neotraveldesigners.com\/wp-content\/uploads\/2021\/10\/Aventuras-y-Safaris.jpg","type":"image\/jpeg"}],"twitter_card":"summary_large_image","twitter_misc":{"Gesch\u00e4tzte Lesezeit":"2 Minuten"},"schema":{"@context":"https:\/\/schema.org","@graph":[{"@type":"WebSite","@id":"https:\/\/neotraveldesigners.com\/esp\/#website","url":"https:\/\/neotraveldesigners.com\/esp\/","name":"NEOTRAVEL DESIGNERS","description":"Explorando lo aut\u00e9ntico","potentialAction":[{"@type":"SearchAction","target":{"@type":"EntryPoint","urlTemplate":"https:\/\/neotraveldesigners.com\/esp\/?s={search_term_string}"},"query-input":"required name=search_term_string"}],"inLanguage":"de-DE"},{"@type":"ImageObject","@id":"https:\/\/neotraveldesigners.com\/travel-design\/aventura-y-safaris#primaryimage","inLanguage":"de-DE","url":"https:\/\/neotraveldesigners.com\/wp-content\/uploads\/2021\/10\/Aventuras-y-Safaris.jpg","contentUrl":"https:\/\/neotraveldesigners.com\/wp-content\/uploads\/2021\/10\/Aventuras-y-Safaris.jpg","width":2000,"height":1333,"caption":"Wild giraffes in african savannah. Tanzania. National park Serengeti."},{"@type":"WebPage","@id":"https:\/\/neotraveldesigners.com\/travel-design\/aventura-y-safaris#webpage","url":"https:\/\/neotraveldesigners.com\/travel-design\/aventura-y-safaris","name":"Aventura y safaris - NEOTRAVEL DESIGNERS","isPartOf":{"@id":"https:\/\/neotraveldesigners.com\/esp\/#website"},"primaryImageOfPage":{"@id":"https:\/\/neotraveldesigners.com\/travel-design\/aventura-y-safaris#primaryimage"},"datePublished":"2021-09-30T12:03:41+00:00","dateModified":"2021-10-29T09:30:34+00:00","breadcrumb":{"@id":"https:\/\/neotraveldesigners.com\/travel-design\/aventura-y-safaris#breadcrumb"},"inLanguage":"de-DE","potentialAction":[{"@type":"ReadAction","target":["https:\/\/neotraveldesigners.com\/travel-design\/aventura-y-safaris"]}]},{"@type":"BreadcrumbList","@id":"https:\/\/neotraveldesigners.com\/travel-design\/aventura-y-safaris#breadcrumb","itemListElement":[{"@type":"ListItem","position":1,"name":"Portada","item":"https:\/\/neotraveldesigners.com\/"},{"@type":"ListItem","position":2,"name":"Travel Design","item":"https:\/\/neotraveldesigners.com\/travel-design"},{"@type":"ListItem","position":3,"name":"Aventura y safaris"}]}]}},"_links":{"self":[{"href":"https:\/\/neotraveldesigners.com\/de\/wp-json\/wp\/v2\/pages\/1045"}],"collection":[{"href":"https:\/\/neotraveldesigners.com\/de\/wp-json\/wp\/v2\/pages"}],"about":[{"href":"https:\/\/neotraveldesigners.com\/de\/wp-json\/wp\/v2\/types\/page"}],"author":[{"embeddable":true,"href":"https:\/\/neotraveldesigners.com\/de\/wp-json\/wp\/v2\/users\/1"}],"replies":[{"embeddable":true,"href":"https:\/\/neotraveldesigners.com\/de\/wp-json\/wp\/v2\/comments?post=1045"}],"version-history":[{"count":3,"href":"https:\/\/neotraveldesigners.com\/de\/wp-json\/wp\/v2\/pages\/1045\/revisions"}],"predecessor-version":[{"id":1225,"href":"https:\/\/neotraveldesigners.com\/de\/wp-json\/wp\/v2\/pages\/1045\/revisions\/1225"}],"up":[{"embeddable":true,"href":"https:\/\/neotraveldesigners.com\/de\/wp-json\/wp\/v2\/pages\/44"}],"wp:featuredmedia":[{"embeddable":true,"href":"https:\/\/neotraveldesigners.com\/de\/wp-json\/wp\/v2\/media\/1223"}],"wp:attachment":[{"href":"https:\/\/neotraveldesigners.com\/de\/wp-json\/wp\/v2\/media?parent=1045"}],"curies":[{"name":"wp","href":"https:\/\/api.w.org\/{rel}","templated":true}]}}