{"id":1047,"date":"2021-09-30T12:04:10","date_gmt":"2021-09-30T12:04:10","guid":{"rendered":"http:\/\/neotraveldesigners.com\/?page_id=1047"},"modified":"2021-10-29T11:51:00","modified_gmt":"2021-10-29T11:51:00","slug":"cruceros","status":"publish","type":"page","link":"https:\/\/neotraveldesigners.com\/de\/travel-design\/cruceros","title":{"rendered":"Kreuzfahrten"},"content":{"rendered":"<div data-vc-full-width=\"true\" data-vc-full-width-init=\"false\" class=\"vc_row wpb_row vc_row-fluid vc_custom_1633012517096\"><div class=\"wpb_column vc_column_container vc_col-sm-2\"><div class=\"vc_column-inner\"><div class=\"wpb_wrapper\"><\/div><\/div><\/div><div class=\"wpb_column vc_column_container vc_col-sm-8\"><div class=\"vc_column-inner\"><div class=\"wpb_wrapper\">\n\t<div class=\"wpb_text_column wpb_content_element\" >\n\t\t<div class=\"wpb_wrapper\">\n\t\t\t<p style=\"text-align: center; font-size: 1.2rem; color: #000000; letter-spacing: 4px;\"><strong>Von luxuri\u00f6sen Kreuzfahrten auf kleinen Booten bis hin zu privaten Yachtausfl\u00fcgen - wir haben alles im Angebot.<\/strong><\/p>\n<p style=\"text-align: center;\"><span style=\"font-weight: 400;\">Segeln Sie auf dem Mittelmeer oder den Fl\u00fcssen Europas. Kleine H\u00e4fen in der Karibik oder die einmalige Antarktis - warum entscheiden Sie sich nicht f\u00fcr eine Reise um die Welt? Wir k\u00f6nnen Ihnen helfen, das richtige Schiff (und die richtige Kabine) f\u00fcr Ihren n\u00e4chsten Segelt\u00f6rn zu finden. Unsere bevorzugten Partner bieten zus\u00e4tzliche Vorteile wie exklusive Landausfl\u00fcge und Cocktails an Bord, die Sie sich nicht entgehen lassen sollten. Bei so viel Vielfalt im Angebot k\u00f6nnen wir Ihnen helfen, den perfekten Segelurlaub zu finden. Und f\u00fcr den ultimativen Luxus und die Privatsph\u00e4re bieten wir Yachtcharter auf der ganzen Welt an.<\/span><\/p>\n\n\t\t<\/div>\n\t<\/div>\n<\/div><\/div><\/div><div class=\"wpb_column vc_column_container vc_col-sm-2\"><div class=\"vc_column-inner\"><div class=\"wpb_wrapper\"><\/div><\/div><\/div><\/div><div class=\"vc_row-full-width vc_clearfix\"><\/div><div class=\"vc_row wpb_row vc_row-fluid\"><div class=\"wpb_column vc_column_container vc_col-sm-6\"><div class=\"vc_column-inner\"><div class=\"wpb_wrapper\">\n\t<div  class=\"wpb_single_image wpb_content_element vc_align_center\">\n\t\t\n\t\t<figure class=\"wpb_wrapper vc_figure\">\n\t\t\t<div class=\"vc_single_image-wrapper vc_box_shadow_3d  vc_box_border_grey\"><img width=\"2000\" height=\"1333\" src=\"https:\/\/neotraveldesigners.com\/wp-content\/uploads\/2021\/10\/Barco-Crucero.jpg\" class=\"vc_single_image-img attachment-full\" alt=\"\" loading=\"lazy\" srcset=\"https:\/\/neotraveldesigners.com\/wp-content\/uploads\/2021\/10\/Barco-Crucero.jpg 2000w, https:\/\/neotraveldesigners.com\/wp-content\/uploads\/2021\/10\/Barco-Crucero-300x200.jpg 300w, https:\/\/neotraveldesigners.com\/wp-content\/uploads\/2021\/10\/Barco-Crucero-1024x682.jpg 1024w, https:\/\/neotraveldesigners.com\/wp-content\/uploads\/2021\/10\/Barco-Crucero-768x512.jpg 768w, https:\/\/neotraveldesigners.com\/wp-content\/uploads\/2021\/10\/Barco-Crucero-1536x1024.jpg 1536w, https:\/\/neotraveldesigners.com\/wp-content\/uploads\/2021\/10\/Barco-Crucero-18x12.jpg 18w, https:\/\/neotraveldesigners.com\/wp-content\/uploads\/2021\/10\/Barco-Crucero-500x333.jpg 500w, https:\/\/neotraveldesigners.com\/wp-content\/uploads\/2021\/10\/Barco-Crucero-800x533.jpg 800w, https:\/\/neotraveldesigners.com\/wp-content\/uploads\/2021\/10\/Barco-Crucero-1280x853.jpg 1280w, https:\/\/neotraveldesigners.com\/wp-content\/uploads\/2021\/10\/Barco-Crucero-1920x1280.jpg 1920w\" sizes=\"(max-width: 2000px) 100vw, 2000px\" \/><\/div>\n\t\t<\/figure>\n\t<\/div>\n<\/div><\/div><\/div><div class=\"wpb_column vc_column_container vc_col-sm-6\"><div class=\"vc_column-inner\"><div class=\"wpb_wrapper\">\n\t<div  class=\"wpb_single_image wpb_content_element vc_align_center\">\n\t\t\n\t\t<figure class=\"wpb_wrapper vc_figure\">\n\t\t\t<div class=\"vc_single_image-wrapper vc_box_shadow_3d  vc_box_border_grey\"><img width=\"2000\" height=\"1333\" src=\"https:\/\/neotraveldesigners.com\/wp-content\/uploads\/2021\/10\/Yate-Maldivas-Cruceros.jpg\" class=\"vc_single_image-img attachment-full\" alt=\"\" loading=\"lazy\" srcset=\"https:\/\/neotraveldesigners.com\/wp-content\/uploads\/2021\/10\/Yate-Maldivas-Cruceros.jpg 2000w, https:\/\/neotraveldesigners.com\/wp-content\/uploads\/2021\/10\/Yate-Maldivas-Cruceros-300x200.jpg 300w, https:\/\/neotraveldesigners.com\/wp-content\/uploads\/2021\/10\/Yate-Maldivas-Cruceros-1024x682.jpg 1024w, https:\/\/neotraveldesigners.com\/wp-content\/uploads\/2021\/10\/Yate-Maldivas-Cruceros-768x512.jpg 768w, https:\/\/neotraveldesigners.com\/wp-content\/uploads\/2021\/10\/Yate-Maldivas-Cruceros-1536x1024.jpg 1536w, https:\/\/neotraveldesigners.com\/wp-content\/uploads\/2021\/10\/Yate-Maldivas-Cruceros-18x12.jpg 18w, https:\/\/neotraveldesigners.com\/wp-content\/uploads\/2021\/10\/Yate-Maldivas-Cruceros-500x333.jpg 500w, https:\/\/neotraveldesigners.com\/wp-content\/uploads\/2021\/10\/Yate-Maldivas-Cruceros-800x533.jpg 800w, https:\/\/neotraveldesigners.com\/wp-content\/uploads\/2021\/10\/Yate-Maldivas-Cruceros-1280x853.jpg 1280w, https:\/\/neotraveldesigners.com\/wp-content\/uploads\/2021\/10\/Yate-Maldivas-Cruceros-1920x1280.jpg 1920w\" sizes=\"(max-width: 2000px) 100vw, 2000px\" \/><\/div>\n\t\t<\/figure>\n\t<\/div>\n<\/div><\/div><\/div><\/div><div class=\"vc_row wpb_row vc_row-fluid\"><div class=\"wpb_column vc_column_container vc_col-sm-12\"><div class=\"vc_column-inner\"><div class=\"wpb_wrapper\">\n\t<div class=\"wpb_raw_code wpb_content_element wpb_raw_html\" >\n\t\t<div class=\"wpb_wrapper\">\n\t\t\t<iframe style=\"border:0px\" src=\"https:\/\/734.ihaikutravel.com\/reserva_crucero.php\" width=\"100%\" height=\"1200px\"><\/iframe>\n\t\t<\/div>\n\t<\/div>\n<\/div><\/div><\/div><\/div>","protected":false},"excerpt":{"rendered":"Von luxuri\u00f6sen Kreuzfahrten auf kleinen Booten bis hin zu privaten Yachtausfl\u00fcgen haben wir f\u00fcr Sie alles im Angebot. Segeln Sie auf dem Mittelmeer oder den Fl\u00fcssen Europas. Kleine H\u00e4fen in der Karibik oder die einmalige Antarktis - warum entscheiden Sie sich nicht f\u00fcr eine Reise um die Welt? Wir k\u00f6nnen Ihnen helfen, das richtige Boot (und die richtige Kabine) f\u00fcr Ihren n\u00e4chsten Segelt\u00f6rn zu finden. Unsere bevorzugten Partner bieten zus\u00e4tzliche Vorteile wie exklusive Landausfl\u00fcge und Cocktails an Bord, die Sie sich nicht entgehen lassen sollten. Bei so viel Vielfalt im Angebot k\u00f6nnen wir Ihnen helfen, den perfekten Segelurlaub zu finden. Y...","protected":false},"author":1,"featured_media":1226,"parent":44,"menu_order":4,"comment_status":"closed","ping_status":"closed","template":"","meta":[],"blocksy_meta":{"styles_descriptor":{"styles":{"desktop":"","tablet":"","mobile":""},"google_fonts":[],"version":2}},"yoast_head":"<!-- This site is optimized with the Yoast SEO plugin v17.5 - https:\/\/yoast.com\/wordpress\/plugins\/seo\/ -->\n<title>Cruceros - NEOTRAVEL DESIGNERS<\/title>\n<meta name=\"robots\" content=\"index, follow, max-snippet:-1, max-image-preview:large, max-video-preview:-1\" \/>\n<link rel=\"canonical\" href=\"https:\/\/neotraveldesigners.com\/de\/travel-design\/cruceros\/\" \/>\n<meta property=\"og:locale\" content=\"de_DE\" \/>\n<meta property=\"og:type\" content=\"article\" \/>\n<meta property=\"og:title\" content=\"Cruceros - NEOTRAVEL DESIGNERS\" \/>\n<meta property=\"og:url\" content=\"https:\/\/neotraveldesigners.com\/de\/travel-design\/cruceros\/\" \/>\n<meta property=\"og:site_name\" content=\"NEOTRAVEL DESIGNERS\" \/>\n<meta property=\"article:modified_time\" content=\"2021-10-29T11:51:00+00:00\" \/>\n<meta property=\"og:image\" content=\"https:\/\/neotraveldesigners.com\/wp-content\/uploads\/2021\/10\/Cruceros-Banner.jpg\" \/>\n\t<meta property=\"og:image:width\" content=\"2000\" \/>\n\t<meta property=\"og:image:height\" content=\"1389\" \/>\n<meta name=\"twitter:card\" content=\"summary_large_image\" \/>\n<meta name=\"twitter:label1\" content=\"Gesch\u00e4tzte Lesezeit\" \/>\n\t<meta name=\"twitter:data1\" content=\"1 Minute\" \/>\n<script type=\"application\/ld+json\" class=\"yoast-schema-graph\">{\"@context\":\"https:\/\/schema.org\",\"@graph\":[{\"@type\":\"WebSite\",\"@id\":\"https:\/\/neotraveldesigners.com\/esp\/#website\",\"url\":\"https:\/\/neotraveldesigners.com\/esp\/\",\"name\":\"NEOTRAVEL DESIGNERS\",\"description\":\"Explorando lo aut\\u00e9ntico\",\"potentialAction\":[{\"@type\":\"SearchAction\",\"target\":{\"@type\":\"EntryPoint\",\"urlTemplate\":\"https:\/\/neotraveldesigners.com\/esp\/?s={search_term_string}\"},\"query-input\":\"required name=search_term_string\"}],\"inLanguage\":\"de-DE\"},{\"@type\":\"ImageObject\",\"@id\":\"https:\/\/neotraveldesigners.com\/travel-design\/cruceros#primaryimage\",\"inLanguage\":\"de-DE\",\"url\":\"https:\/\/neotraveldesigners.com\/wp-content\/uploads\/2021\/10\/Cruceros-Banner.jpg\",\"contentUrl\":\"https:\/\/neotraveldesigners.com\/wp-content\/uploads\/2021\/10\/Cruceros-Banner.jpg\",\"width\":2000,\"height\":1389,\"caption\":\"Cruise ship at harbor. Aerial view of beautiful large white ship at sunset. Colorful landscape with boats in marina bay, sea, colorful sky. Top view from drone of yacht. Luxury cruise. Floating liner\"},{\"@type\":\"WebPage\",\"@id\":\"https:\/\/neotraveldesigners.com\/travel-design\/cruceros#webpage\",\"url\":\"https:\/\/neotraveldesigners.com\/travel-design\/cruceros\",\"name\":\"Cruceros - NEOTRAVEL DESIGNERS\",\"isPartOf\":{\"@id\":\"https:\/\/neotraveldesigners.com\/esp\/#website\"},\"primaryImageOfPage\":{\"@id\":\"https:\/\/neotraveldesigners.com\/travel-design\/cruceros#primaryimage\"},\"datePublished\":\"2021-09-30T12:04:10+00:00\",\"dateModified\":\"2021-10-29T11:51:00+00:00\",\"breadcrumb\":{\"@id\":\"https:\/\/neotraveldesigners.com\/travel-design\/cruceros#breadcrumb\"},\"inLanguage\":\"de-DE\",\"potentialAction\":[{\"@type\":\"ReadAction\",\"target\":[\"https:\/\/neotraveldesigners.com\/travel-design\/cruceros\"]}]},{\"@type\":\"BreadcrumbList\",\"@id\":\"https:\/\/neotraveldesigners.com\/travel-design\/cruceros#breadcrumb\",\"itemListElement\":[{\"@type\":\"ListItem\",\"position\":1,\"name\":\"Portada\",\"item\":\"https:\/\/neotraveldesigners.com\/\"},{\"@type\":\"ListItem\",\"position\":2,\"name\":\"Travel Design\",\"item\":\"https:\/\/neotraveldesigners.com\/travel-design\"},{\"@type\":\"ListItem\",\"position\":3,\"name\":\"Cruceros\"}]}]}<\/script>\n<!-- \/ Yoast SEO plugin. -->","yoast_head_json":{"title":"Cruceros - NEOTRAVEL DESIGNERS","robots":{"index":"index","follow":"follow","max-snippet":"max-snippet:-1","max-image-preview":"max-image-preview:large","max-video-preview":"max-video-preview:-1"},"canonical":"https:\/\/neotraveldesigners.com\/de\/travel-design\/cruceros\/","og_locale":"de_DE","og_type":"article","og_title":"Cruceros - NEOTRAVEL DESIGNERS","og_url":"https:\/\/neotraveldesigners.com\/de\/travel-design\/cruceros\/","og_site_name":"NEOTRAVEL DESIGNERS","article_modified_time":"2021-10-29T11:51:00+00:00","og_image":[{"width":2000,"height":1389,"url":"https:\/\/neotraveldesigners.com\/wp-content\/uploads\/2021\/10\/Cruceros-Banner.jpg","type":"image\/jpeg"}],"twitter_card":"summary_large_image","twitter_misc":{"Gesch\u00e4tzte Lesezeit":"1 Minute"},"schema":{"@context":"https:\/\/schema.org","@graph":[{"@type":"WebSite","@id":"https:\/\/neotraveldesigners.com\/esp\/#website","url":"https:\/\/neotraveldesigners.com\/esp\/","name":"NEOTRAVEL DESIGNERS","description":"Explorando lo aut\u00e9ntico","potentialAction":[{"@type":"SearchAction","target":{"@type":"EntryPoint","urlTemplate":"https:\/\/neotraveldesigners.com\/esp\/?s={search_term_string}"},"query-input":"required name=search_term_string"}],"inLanguage":"de-DE"},{"@type":"ImageObject","@id":"https:\/\/neotraveldesigners.com\/travel-design\/cruceros#primaryimage","inLanguage":"de-DE","url":"https:\/\/neotraveldesigners.com\/wp-content\/uploads\/2021\/10\/Cruceros-Banner.jpg","contentUrl":"https:\/\/neotraveldesigners.com\/wp-content\/uploads\/2021\/10\/Cruceros-Banner.jpg","width":2000,"height":1389,"caption":"Cruise ship at harbor. Aerial view of beautiful large white ship at sunset. Colorful landscape with boats in marina bay, sea, colorful sky. Top view from drone of yacht. Luxury cruise. Floating liner"},{"@type":"WebPage","@id":"https:\/\/neotraveldesigners.com\/travel-design\/cruceros#webpage","url":"https:\/\/neotraveldesigners.com\/travel-design\/cruceros","name":"Cruceros - NEOTRAVEL DESIGNERS","isPartOf":{"@id":"https:\/\/neotraveldesigners.com\/esp\/#website"},"primaryImageOfPage":{"@id":"https:\/\/neotraveldesigners.com\/travel-design\/cruceros#primaryimage"},"datePublished":"2021-09-30T12:04:10+00:00","dateModified":"2021-10-29T11:51:00+00:00","breadcrumb":{"@id":"https:\/\/neotraveldesigners.com\/travel-design\/cruceros#breadcrumb"},"inLanguage":"de-DE","potentialAction":[{"@type":"ReadAction","target":["https:\/\/neotraveldesigners.com\/travel-design\/cruceros"]}]},{"@type":"BreadcrumbList","@id":"https:\/\/neotraveldesigners.com\/travel-design\/cruceros#breadcrumb","itemListElement":[{"@type":"ListItem","position":1,"name":"Portada","item":"https:\/\/neotraveldesigners.com\/"},{"@type":"ListItem","position":2,"name":"Travel Design","item":"https:\/\/neotraveldesigners.com\/travel-design"},{"@type":"ListItem","position":3,"name":"Cruceros"}]}]}},"_links":{"self":[{"href":"https:\/\/neotraveldesigners.com\/de\/wp-json\/wp\/v2\/pages\/1047"}],"collection":[{"href":"https:\/\/neotraveldesigners.com\/de\/wp-json\/wp\/v2\/pages"}],"about":[{"href":"https:\/\/neotraveldesigners.com\/de\/wp-json\/wp\/v2\/types\/page"}],"author":[{"embeddable":true,"href":"https:\/\/neotraveldesigners.com\/de\/wp-json\/wp\/v2\/users\/1"}],"replies":[{"embeddable":true,"href":"https:\/\/neotraveldesigners.com\/de\/wp-json\/wp\/v2\/comments?post=1047"}],"version-history":[{"count":5,"href":"https:\/\/neotraveldesigners.com\/de\/wp-json\/wp\/v2\/pages\/1047\/revisions"}],"predecessor-version":[{"id":1272,"href":"https:\/\/neotraveldesigners.com\/de\/wp-json\/wp\/v2\/pages\/1047\/revisions\/1272"}],"up":[{"embeddable":true,"href":"https:\/\/neotraveldesigners.com\/de\/wp-json\/wp\/v2\/pages\/44"}],"wp:featuredmedia":[{"embeddable":true,"href":"https:\/\/neotraveldesigners.com\/de\/wp-json\/wp\/v2\/media\/1226"}],"wp:attachment":[{"href":"https:\/\/neotraveldesigners.com\/de\/wp-json\/wp\/v2\/media?parent=1047"}],"curies":[{"name":"wp","href":"https:\/\/api.w.org\/{rel}","templated":true}]}}