{"id":1051,"date":"2021-09-30T12:05:04","date_gmt":"2021-09-30T12:05:04","guid":{"rendered":"http:\/\/neotraveldesigners.com\/?page_id=1051"},"modified":"2021-12-09T07:44:34","modified_gmt":"2021-12-09T07:44:34","slug":"exclusivo-empresas","status":"publish","type":"page","link":"https:\/\/neotraveldesigners.com\/de\/travel-design\/exclusivo-empresas","title":{"rendered":"Exklusiv f\u00fcr Unternehmen"},"content":{"rendered":"<div data-vc-full-width=\"true\" data-vc-full-width-init=\"false\" class=\"vc_row wpb_row vc_row-fluid vc_custom_1633012517096\"><div class=\"wpb_column vc_column_container vc_col-sm-2\"><div class=\"vc_column-inner\"><div class=\"wpb_wrapper\"><\/div><\/div><\/div><div class=\"wpb_column vc_column_container vc_col-sm-8\"><div class=\"vc_column-inner\"><div class=\"wpb_wrapper\">\n\t<div class=\"wpb_text_column wpb_content_element\" >\n\t\t<div class=\"wpb_wrapper\">\n\t\t\t<p style=\"text-align: center; font-size: 1.2rem; color: #000000; letter-spacing: 4px;\"><strong>Veranstaltungen und Anreize, die ihre Spuren hinterlassen.<\/strong><\/p>\n<p style=\"text-align: center;\"><span style=\"font-weight: 400;\">Seit mehr als 15 Jahren konzipiert er exklusive Reisen f\u00fcr Unternehmen. Wir schaffen einzigartige Erlebnisse und Emotionen, die kommuniziert werden und im Ged\u00e4chtnis bleiben. Wir suchen nach den bahnbrechenden Aspekten einer jeden Kultur. Wir erkunden die f\u00fcnf Kontinente. Wir analysieren die neuesten Trends in der Kommunikation. Alles zur Gestaltung\u00a0<\/span><b>Incentive-Reisen<\/b><span style=\"font-weight: 400;\">\u00a0personalisiert und unvergesslich. Fahrten, die Spuren hinterlassen!<\/span><span style=\"font-weight: 400;\">.<\/span><\/p>\n\n\t\t<\/div>\n\t<\/div>\n<\/div><\/div><\/div><div class=\"wpb_column vc_column_container vc_col-sm-2\"><div class=\"vc_column-inner\"><div class=\"wpb_wrapper\"><\/div><\/div><\/div><\/div><div class=\"vc_row-full-width vc_clearfix\"><\/div><div class=\"vc_row wpb_row vc_row-fluid vc_row-o-equal-height vc_row-o-content-middle vc_row-flex\"><div class=\"wpb_column vc_column_container vc_col-sm-6\"><div class=\"vc_column-inner\"><div class=\"wpb_wrapper\">\n\t<div  class=\"wpb_single_image wpb_content_element vc_align_center\">\n\t\t\n\t\t<figure class=\"wpb_wrapper vc_figure\">\n\t\t\t<div class=\"vc_single_image-wrapper vc_box_rounded  vc_box_border_grey\"><img width=\"1500\" height=\"600\" src=\"https:\/\/neotraveldesigners.com\/wp-content\/uploads\/2021\/10\/Masques-de-Riscal-Empresas.jpg\" class=\"vc_single_image-img attachment-full\" alt=\"\" loading=\"lazy\" srcset=\"https:\/\/neotraveldesigners.com\/wp-content\/uploads\/2021\/10\/Masques-de-Riscal-Empresas.jpg 1500w, https:\/\/neotraveldesigners.com\/wp-content\/uploads\/2021\/10\/Masques-de-Riscal-Empresas-300x120.jpg 300w, https:\/\/neotraveldesigners.com\/wp-content\/uploads\/2021\/10\/Masques-de-Riscal-Empresas-1024x410.jpg 1024w, https:\/\/neotraveldesigners.com\/wp-content\/uploads\/2021\/10\/Masques-de-Riscal-Empresas-768x307.jpg 768w, https:\/\/neotraveldesigners.com\/wp-content\/uploads\/2021\/10\/Masques-de-Riscal-Empresas-18x7.jpg 18w, https:\/\/neotraveldesigners.com\/wp-content\/uploads\/2021\/10\/Masques-de-Riscal-Empresas-500x200.jpg 500w, https:\/\/neotraveldesigners.com\/wp-content\/uploads\/2021\/10\/Masques-de-Riscal-Empresas-800x320.jpg 800w, https:\/\/neotraveldesigners.com\/wp-content\/uploads\/2021\/10\/Masques-de-Riscal-Empresas-1280x512.jpg 1280w\" sizes=\"(max-width: 1500px) 100vw, 1500px\" \/><\/div>\n\t\t<\/figure>\n\t<\/div>\n\n\t<div  class=\"wpb_single_image wpb_content_element vc_align_center\">\n\t\t\n\t\t<figure class=\"wpb_wrapper vc_figure\">\n\t\t\t<div class=\"vc_single_image-wrapper vc_box_rounded  vc_box_border_grey\"><img width=\"1500\" height=\"600\" src=\"https:\/\/neotraveldesigners.com\/wp-content\/uploads\/2021\/10\/Vinos-Empresas.jpg\" class=\"vc_single_image-img attachment-full\" alt=\"\" loading=\"lazy\" srcset=\"https:\/\/neotraveldesigners.com\/wp-content\/uploads\/2021\/10\/Vinos-Empresas.jpg 1500w, https:\/\/neotraveldesigners.com\/wp-content\/uploads\/2021\/10\/Vinos-Empresas-300x120.jpg 300w, https:\/\/neotraveldesigners.com\/wp-content\/uploads\/2021\/10\/Vinos-Empresas-1024x410.jpg 1024w, https:\/\/neotraveldesigners.com\/wp-content\/uploads\/2021\/10\/Vinos-Empresas-768x307.jpg 768w, https:\/\/neotraveldesigners.com\/wp-content\/uploads\/2021\/10\/Vinos-Empresas-18x7.jpg 18w, https:\/\/neotraveldesigners.com\/wp-content\/uploads\/2021\/10\/Vinos-Empresas-500x200.jpg 500w, https:\/\/neotraveldesigners.com\/wp-content\/uploads\/2021\/10\/Vinos-Empresas-800x320.jpg 800w, https:\/\/neotraveldesigners.com\/wp-content\/uploads\/2021\/10\/Vinos-Empresas-1280x512.jpg 1280w\" sizes=\"(max-width: 1500px) 100vw, 1500px\" \/><\/div>\n\t\t<\/figure>\n\t<\/div>\n\n\t<div  class=\"wpb_single_image wpb_content_element vc_align_center\">\n\t\t\n\t\t<figure class=\"wpb_wrapper vc_figure\">\n\t\t\t<div class=\"vc_single_image-wrapper vc_box_rounded  vc_box_border_grey\"><img width=\"1500\" height=\"600\" src=\"https:\/\/neotraveldesigners.com\/wp-content\/uploads\/2021\/10\/Gala-empresa-Viajes.jpg\" class=\"vc_single_image-img attachment-full\" alt=\"\" loading=\"lazy\" srcset=\"https:\/\/neotraveldesigners.com\/wp-content\/uploads\/2021\/10\/Gala-empresa-Viajes.jpg 1500w, https:\/\/neotraveldesigners.com\/wp-content\/uploads\/2021\/10\/Gala-empresa-Viajes-300x120.jpg 300w, https:\/\/neotraveldesigners.com\/wp-content\/uploads\/2021\/10\/Gala-empresa-Viajes-1024x410.jpg 1024w, https:\/\/neotraveldesigners.com\/wp-content\/uploads\/2021\/10\/Gala-empresa-Viajes-768x307.jpg 768w, https:\/\/neotraveldesigners.com\/wp-content\/uploads\/2021\/10\/Gala-empresa-Viajes-18x7.jpg 18w, https:\/\/neotraveldesigners.com\/wp-content\/uploads\/2021\/10\/Gala-empresa-Viajes-500x200.jpg 500w, https:\/\/neotraveldesigners.com\/wp-content\/uploads\/2021\/10\/Gala-empresa-Viajes-800x320.jpg 800w, https:\/\/neotraveldesigners.com\/wp-content\/uploads\/2021\/10\/Gala-empresa-Viajes-1280x512.jpg 1280w\" sizes=\"(max-width: 1500px) 100vw, 1500px\" \/><\/div>\n\t\t<\/figure>\n\t<\/div>\n<\/div><\/div><\/div><div class=\"wpb_column vc_column_container vc_col-sm-6\"><div class=\"vc_column-inner\"><div class=\"wpb_wrapper\">\n\t<div class=\"wpb_text_column wpb_content_element\" >\n\t\t<div class=\"wpb_wrapper\">\n\t\t\t<ul>\n<li><span style=\"font-weight: 400;\">Belohnen Sie Ihre Mitarbeiter mit einem <\/span><b>Weinreise<\/b><span style=\"font-weight: 400;\"> exklusiv f\u00fcr <\/span><b>Bordeaux<\/b><span style=\"font-weight: 400;\"> die beste Architektur von Weing\u00fctern, Landschaften und Weinen zu genie\u00dfen.<\/span><\/li>\n<li>Schaffung neuer Verkaufsstrategien<b>\u00a0<\/b>mit\u00a0<i>Effektivit\u00e4t der Verkaufsberatung\u00a0<\/i>unter\u00a0<b>Seychellen.<\/b><\/li>\n<li>Besuch in <b>Seattle<\/b> Top 10\u00a0<i>Start-up-Unternehmen.<\/i><\/li>\n<li><i>J\u00e4hrliche Preisverleihung der Discovering Awards <\/i><b><i>Kroatien <\/i><\/b><i>Mittelalter und Segeln um seine Inseln.<\/i><\/li>\n<li>Erkunden Sie das Silicon Valley in <b>San Francisco<\/b> f\u00fcr ihre Kreativit\u00e4t.<\/li>\n<li>Inspiriert vom nordischen minimalistischen Design in der Hauptstadt von\u00a0<b>Schweden<\/b>Stockholm.<\/li>\n<li>Festlegung der neuen Strategie<b>\u00a0<\/b>Online-Marketing mit einem Marketing Manager in <b>Deutschland.<\/b><\/li>\n<li>Sitzung des Verwaltungsrats in einem Privatpalast in <b>St. Petersburg.<\/b><\/li>\n<li>Reisen Sie mit dem Privatjet nach <b>Dubai, Kapstadt oder Oslo<\/b> um die Zeit zu optimieren.<\/li>\n<li>Digital werden<b>\u00a0<\/b>unter <b>New York<\/b>\u00a0 mit einem pers\u00f6nlichen Coach, um Ihre Pers\u00f6nlichkeit kennenzulernen\u00a0<i>Innovations-\u00d6kosystem.<\/i><\/li>\n<li>Die Inspiration f\u00fcr Entspannung in <b>Miami <\/b>mit ihren Privatjachten.<\/li>\n<li><b>Kapstadt<\/b> <i>\"<\/i>sofort einsatzbereit<i>\"mit<\/i> Weinverkostung und Schwimmen mit Delfinen.<\/li>\n<li><b>Safaris <\/b>privat <b>in Kruger<\/b> ma\u00dfgeschneidert mit <i>\"<\/i>Klientenzentrierter Ansatz<i>\".<\/i><\/li>\n<li>Besuchen Sie <b>Amsterdam <\/b>mit seinen innovativen Unternehmen im Bezirk\u00a0<i>Zuidas.<\/i><\/li>\n<li>Begegnungen in <b>Barcelona<\/b> in einer Privatloge, w\u00e4hrend er die Formel-1-Rennen in Montmelo genie\u00dft, um sich mit dem Team zu treffen.<\/li>\n<li>Lassen Sie sich inspirieren, indem Sie sich die <b>Aurora Borealis<\/b> mit Fachj\u00e4ger \"<i>excel-in-focus<\/i>\" in <b>Gr\u00f6nland.<\/b><\/li>\n<li>Die Entsch\u00e4digung f\u00fcr eine gut gemachte Arbeit unter dem Glasdach eines Iglus, um die Nordlichter zu beobachten.<\/li>\n<li>Das Wissen um die <b>Umweltvertr\u00e4glichkeit<\/b>\u00a0des ersten Motorschlittenunternehmens\u00a0<b>elektrisch.<\/b><\/li>\n<\/ul>\n\n\t\t<\/div>\n\t<\/div>\n<\/div><\/div><\/div><\/div><div class=\"vc_row wpb_row vc_row-fluid\"><div class=\"wpb_column vc_column_container vc_col-sm-12\"><div class=\"vc_column-inner\"><div class=\"wpb_wrapper\"><div class=\"vc_empty_space\"   style=\"height: 3vh\"><span class=\"vc_empty_space_inner\"><\/span><\/div><\/div><\/div><\/div><\/div><div data-vc-full-width=\"true\" data-vc-full-width-init=\"false\" data-vc-stretch-content=\"true\" class=\"vc_row wpb_row vc_row-fluid vc_custom_1639035860651 vc_row-has-fill vc_row-no-padding\"><div class=\"wpb_column vc_column_container vc_col-sm-12\"><div class=\"vc_column-inner\"><div class=\"wpb_wrapper\"><div class=\"vc_empty_space\"   style=\"height: 3vh\"><span class=\"vc_empty_space_inner\"><\/span><\/div>\n\t<div class=\"wpb_text_column wpb_content_element\" >\n\t\t<div class=\"wpb_wrapper\">\n\t\t\t<h2 style=\"text-align: center;\">F\u00fcr weitere Informationen besuchen Sie bitte<\/h2>\n<h4 style=\"text-align: center;\"><a href=\"http:\/\/www.neokoncepts.com\/\">www.neokoncepts.com<\/a><\/h4>\n\n\t\t<\/div>\n\t<\/div>\n<div class=\"vc_empty_space\"   style=\"height: 3vh\"><span class=\"vc_empty_space_inner\"><\/span><\/div><\/div><\/div><\/div><\/div><div class=\"vc_row-full-width vc_clearfix\"><\/div>","protected":false},"excerpt":{"rendered":"Veranstaltungen und Anreize, die ihre Spuren hinterlassen. Seit mehr als 15 Jahren konzipiert er exklusive Reisen f\u00fcr Unternehmen. Wir schaffen einzigartige Erlebnisse und Emotionen, die kommuniziert werden und im Ged\u00e4chtnis bleiben. Wir suchen nach den bahnbrechenden Aspekten einer jeden Kultur. Wir erkunden die f\u00fcnf Kontinente. Wir analysieren die neuesten Trends in der Kommunikation. Alles f\u00fcr die Gestaltung individueller und unvergesslicher Incentive-Reisen. Reisen, die einen bleibenden Eindruck hinterlassen. Belohnen Sie Ihre Mitarbeiter mit einer exklusiven Weinreise nach Bordeaux, bei der Sie die beste Weinarchitektur, Landschaft und Weine genie\u00dfen k\u00f6nnen. Schaffen Sie neue Verkaufsstrategien mit effektiver Verkaufsberatung auf den Seychellen. Besuchen Sie die 10 besten Start-up-Unternehmen in Seattle. J\u00e4hrliche Preisverleihung zur Entdeckung des mittelalterlichen Kroatiens und zum Segeln um seine Inseln. Erforschen...","protected":false},"author":1,"featured_media":1242,"parent":44,"menu_order":6,"comment_status":"closed","ping_status":"closed","template":"","meta":[],"blocksy_meta":{"styles_descriptor":{"styles":{"desktop":"","tablet":"","mobile":""},"google_fonts":[],"version":2}},"yoast_head":"<!-- This site is optimized with the Yoast SEO plugin v17.5 - https:\/\/yoast.com\/wordpress\/plugins\/seo\/ -->\n<title>Exclusivo empresas - NEOTRAVEL DESIGNERS<\/title>\n<meta name=\"robots\" content=\"index, follow, max-snippet:-1, max-image-preview:large, max-video-preview:-1\" \/>\n<link rel=\"canonical\" href=\"https:\/\/neotraveldesigners.com\/de\/travel-design\/exclusivo-empresas\/\" \/>\n<meta property=\"og:locale\" content=\"de_DE\" \/>\n<meta property=\"og:type\" content=\"article\" \/>\n<meta property=\"og:title\" content=\"Exclusivo empresas - NEOTRAVEL DESIGNERS\" \/>\n<meta property=\"og:url\" content=\"https:\/\/neotraveldesigners.com\/de\/travel-design\/exclusivo-empresas\/\" \/>\n<meta property=\"og:site_name\" content=\"NEOTRAVEL DESIGNERS\" \/>\n<meta property=\"article:modified_time\" content=\"2021-12-09T07:44:34+00:00\" \/>\n<meta property=\"og:image\" content=\"https:\/\/neotraveldesigners.com\/wp-content\/uploads\/2021\/10\/Empresas-Banner.jpg\" \/>\n\t<meta property=\"og:image:width\" content=\"2000\" \/>\n\t<meta property=\"og:image:height\" content=\"1333\" \/>\n<meta name=\"twitter:card\" content=\"summary_large_image\" \/>\n<meta name=\"twitter:label1\" content=\"Gesch\u00e4tzte Lesezeit\" \/>\n\t<meta name=\"twitter:data1\" content=\"2 Minuten\" \/>\n<script type=\"application\/ld+json\" class=\"yoast-schema-graph\">{\"@context\":\"https:\/\/schema.org\",\"@graph\":[{\"@type\":\"WebSite\",\"@id\":\"https:\/\/neotraveldesigners.com\/esp\/#website\",\"url\":\"https:\/\/neotraveldesigners.com\/esp\/\",\"name\":\"NEOTRAVEL DESIGNERS\",\"description\":\"Explorando lo aut\\u00e9ntico\",\"potentialAction\":[{\"@type\":\"SearchAction\",\"target\":{\"@type\":\"EntryPoint\",\"urlTemplate\":\"https:\/\/neotraveldesigners.com\/esp\/?s={search_term_string}\"},\"query-input\":\"required name=search_term_string\"}],\"inLanguage\":\"de-DE\"},{\"@type\":\"ImageObject\",\"@id\":\"https:\/\/neotraveldesigners.com\/travel-design\/exclusivo-empresas#primaryimage\",\"inLanguage\":\"de-DE\",\"url\":\"https:\/\/neotraveldesigners.com\/wp-content\/uploads\/2021\/10\/Empresas-Banner.jpg\",\"contentUrl\":\"https:\/\/neotraveldesigners.com\/wp-content\/uploads\/2021\/10\/Empresas-Banner.jpg\",\"width\":2000,\"height\":1333,\"caption\":\"Businessman and businesswoman traveler with luggage at city background, Business People Commuter Walking City Life Concept.\"},{\"@type\":\"WebPage\",\"@id\":\"https:\/\/neotraveldesigners.com\/travel-design\/exclusivo-empresas#webpage\",\"url\":\"https:\/\/neotraveldesigners.com\/travel-design\/exclusivo-empresas\",\"name\":\"Exclusivo empresas - NEOTRAVEL DESIGNERS\",\"isPartOf\":{\"@id\":\"https:\/\/neotraveldesigners.com\/esp\/#website\"},\"primaryImageOfPage\":{\"@id\":\"https:\/\/neotraveldesigners.com\/travel-design\/exclusivo-empresas#primaryimage\"},\"datePublished\":\"2021-09-30T12:05:04+00:00\",\"dateModified\":\"2021-12-09T07:44:34+00:00\",\"breadcrumb\":{\"@id\":\"https:\/\/neotraveldesigners.com\/travel-design\/exclusivo-empresas#breadcrumb\"},\"inLanguage\":\"de-DE\",\"potentialAction\":[{\"@type\":\"ReadAction\",\"target\":[\"https:\/\/neotraveldesigners.com\/travel-design\/exclusivo-empresas\"]}]},{\"@type\":\"BreadcrumbList\",\"@id\":\"https:\/\/neotraveldesigners.com\/travel-design\/exclusivo-empresas#breadcrumb\",\"itemListElement\":[{\"@type\":\"ListItem\",\"position\":1,\"name\":\"Portada\",\"item\":\"https:\/\/neotraveldesigners.com\/\"},{\"@type\":\"ListItem\",\"position\":2,\"name\":\"Travel Design\",\"item\":\"https:\/\/neotraveldesigners.com\/travel-design\"},{\"@type\":\"ListItem\",\"position\":3,\"name\":\"Exclusivo empresas\"}]}]}<\/script>\n<!-- \/ Yoast SEO plugin. -->","yoast_head_json":{"title":"Exclusivo empresas - NEOTRAVEL DESIGNERS","robots":{"index":"index","follow":"follow","max-snippet":"max-snippet:-1","max-image-preview":"max-image-preview:large","max-video-preview":"max-video-preview:-1"},"canonical":"https:\/\/neotraveldesigners.com\/de\/travel-design\/exclusivo-empresas\/","og_locale":"de_DE","og_type":"article","og_title":"Exclusivo empresas - NEOTRAVEL DESIGNERS","og_url":"https:\/\/neotraveldesigners.com\/de\/travel-design\/exclusivo-empresas\/","og_site_name":"NEOTRAVEL DESIGNERS","article_modified_time":"2021-12-09T07:44:34+00:00","og_image":[{"width":2000,"height":1333,"url":"https:\/\/neotraveldesigners.com\/wp-content\/uploads\/2021\/10\/Empresas-Banner.jpg","type":"image\/jpeg"}],"twitter_card":"summary_large_image","twitter_misc":{"Gesch\u00e4tzte Lesezeit":"2 Minuten"},"schema":{"@context":"https:\/\/schema.org","@graph":[{"@type":"WebSite","@id":"https:\/\/neotraveldesigners.com\/esp\/#website","url":"https:\/\/neotraveldesigners.com\/esp\/","name":"NEOTRAVEL DESIGNERS","description":"Explorando lo aut\u00e9ntico","potentialAction":[{"@type":"SearchAction","target":{"@type":"EntryPoint","urlTemplate":"https:\/\/neotraveldesigners.com\/esp\/?s={search_term_string}"},"query-input":"required name=search_term_string"}],"inLanguage":"de-DE"},{"@type":"ImageObject","@id":"https:\/\/neotraveldesigners.com\/travel-design\/exclusivo-empresas#primaryimage","inLanguage":"de-DE","url":"https:\/\/neotraveldesigners.com\/wp-content\/uploads\/2021\/10\/Empresas-Banner.jpg","contentUrl":"https:\/\/neotraveldesigners.com\/wp-content\/uploads\/2021\/10\/Empresas-Banner.jpg","width":2000,"height":1333,"caption":"Businessman and businesswoman traveler with luggage at city background, Business People Commuter Walking City Life Concept."},{"@type":"WebPage","@id":"https:\/\/neotraveldesigners.com\/travel-design\/exclusivo-empresas#webpage","url":"https:\/\/neotraveldesigners.com\/travel-design\/exclusivo-empresas","name":"Exclusivo empresas - NEOTRAVEL DESIGNERS","isPartOf":{"@id":"https:\/\/neotraveldesigners.com\/esp\/#website"},"primaryImageOfPage":{"@id":"https:\/\/neotraveldesigners.com\/travel-design\/exclusivo-empresas#primaryimage"},"datePublished":"2021-09-30T12:05:04+00:00","dateModified":"2021-12-09T07:44:34+00:00","breadcrumb":{"@id":"https:\/\/neotraveldesigners.com\/travel-design\/exclusivo-empresas#breadcrumb"},"inLanguage":"de-DE","potentialAction":[{"@type":"ReadAction","target":["https:\/\/neotraveldesigners.com\/travel-design\/exclusivo-empresas"]}]},{"@type":"BreadcrumbList","@id":"https:\/\/neotraveldesigners.com\/travel-design\/exclusivo-empresas#breadcrumb","itemListElement":[{"@type":"ListItem","position":1,"name":"Portada","item":"https:\/\/neotraveldesigners.com\/"},{"@type":"ListItem","position":2,"name":"Travel Design","item":"https:\/\/neotraveldesigners.com\/travel-design"},{"@type":"ListItem","position":3,"name":"Exclusivo empresas"}]}]}},"_links":{"self":[{"href":"https:\/\/neotraveldesigners.com\/de\/wp-json\/wp\/v2\/pages\/1051"}],"collection":[{"href":"https:\/\/neotraveldesigners.com\/de\/wp-json\/wp\/v2\/pages"}],"about":[{"href":"https:\/\/neotraveldesigners.com\/de\/wp-json\/wp\/v2\/types\/page"}],"author":[{"embeddable":true,"href":"https:\/\/neotraveldesigners.com\/de\/wp-json\/wp\/v2\/users\/1"}],"replies":[{"embeddable":true,"href":"https:\/\/neotraveldesigners.com\/de\/wp-json\/wp\/v2\/comments?post=1051"}],"version-history":[{"count":6,"href":"https:\/\/neotraveldesigners.com\/de\/wp-json\/wp\/v2\/pages\/1051\/revisions"}],"predecessor-version":[{"id":1494,"href":"https:\/\/neotraveldesigners.com\/de\/wp-json\/wp\/v2\/pages\/1051\/revisions\/1494"}],"up":[{"embeddable":true,"href":"https:\/\/neotraveldesigners.com\/de\/wp-json\/wp\/v2\/pages\/44"}],"wp:featuredmedia":[{"embeddable":true,"href":"https:\/\/neotraveldesigners.com\/de\/wp-json\/wp\/v2\/media\/1242"}],"wp:attachment":[{"href":"https:\/\/neotraveldesigners.com\/de\/wp-json\/wp\/v2\/media?parent=1051"}],"curies":[{"name":"wp","href":"https:\/\/api.w.org\/{rel}","templated":true}]}}