{"id":1393,"date":"2021-12-07T06:30:24","date_gmt":"2021-12-07T06:30:24","guid":{"rendered":"https:\/\/neotraveldesigners.com\/?page_id=1393"},"modified":"2021-12-07T06:30:24","modified_gmt":"2021-12-07T06:30:24","slug":"estados-unidos","status":"publish","type":"page","link":"https:\/\/neotraveldesigners.com\/de\/destinos\/estados-unidos","title":{"rendered":"Vereinigte Staaten"},"content":{"rendered":"<div class=\"vc_row wpb_row vc_row-fluid\"><div class=\"wpb_column vc_column_container vc_col-sm-2\"><div class=\"vc_column-inner\"><div class=\"wpb_wrapper\"><\/div><\/div><\/div><div class=\"wpb_column vc_column_container vc_col-sm-8\"><div class=\"vc_column-inner\"><div class=\"wpb_wrapper\">\n\t<div class=\"wpb_text_column wpb_content_element  wpb_animate_when_almost_visible wpb_fadeIn fadeIn\" >\n\t\t<div class=\"wpb_wrapper\">\n\t\t\t<h4 style=\"text-align: center;\"><span style=\"color: #c3a467;\">Das Schicksal<br \/>\n<\/span><\/h4>\n<h6 style=\"text-align: center;\">PERS\u00d6NLICHE REISE IN DIE VEREINIGTEN STAATEN<\/h6>\n\n\t\t<\/div>\n\t<\/div>\n<div class=\"vc_empty_space\"   style=\"height: 5vh\"><span class=\"vc_empty_space_inner\"><\/span><\/div>\n\t<div class=\"wpb_text_column wpb_content_element  wpb_animate_when_almost_visible wpb_fadeIn fadeIn\" >\n\t\t<div class=\"wpb_wrapper\">\n\t\t\t<p style=\"text-align: center;\">Die Vereinigten Staaten von Amerika sind ein gro\u00dfartiges Mosaik an Attraktionen: wei\u00dfe Sandstr\u00e4nde, schneebedeckte Berge, wundersch\u00f6ne Nationalparks und Naturwunder, Gro\u00dfst\u00e4dte und helle Lichter, gegens\u00e4tzliche Kulturen und jede Menge Abenteuer, eine vielseitige Musikszene und nat\u00fcrlich Barbecue. ribs Von der Ostk\u00fcste bis zur Westk\u00fcste gibt es viel zu sehen und zu tun, aber es gibt zwei wichtige Regionen, die man nicht verpassen sollte: den S\u00fcdwesten und Alaska.<\/p>\n<p style=\"text-align: center;\">Der S\u00fcdwesten befindet sich im s\u00fcdwestlichen Teil der Vereinigten Staaten. Es grenzt im Westen an Kalifornien, im S\u00fcden an Mexiko, im Osten an West-Texas und reicht im Norden bis nach Colorado. Der Grand Canyon, der Arches-Nationalpark, das Monument Valley, der Zion-Nationalpark... das sind nur einige Beispiele f\u00fcr die gro\u00dfartigen Naturwunder, die man im S\u00fcdwesten besuchen kann. Bestaunen Sie den in den 1930er Jahren erbauten Hoover-Damm, durch den der Lake Mead entstand, besuchen Sie White Sands, eine wei\u00dfe Sandd\u00fcnenw\u00fcste im Tularosa-Becken im S\u00fcden New Mexicos, oder verirren Sie sich im Death Valley, einem abgelegenen Nationalpark mit der niedrigsten Erhebung und den h\u00f6chsten aufgezeichneten Temperaturen in den Vereinigten Staaten. Es ist ein Paradies f\u00fcr Outdoor-Liebhaber: Sie k\u00f6nnen Hei\u00dfluftballonfahrten unternehmen, Mountainbiken, Rafting auf dem Colorado River, Seitencanyons erkunden, reiten und wandern.<\/p>\n\n\t\t<\/div>\n\t<\/div>\n<div class=\"vc_empty_space\"   style=\"height: 5vh\"><span class=\"vc_empty_space_inner\"><\/span><\/div><\/div><\/div><\/div><div class=\"wpb_column vc_column_container vc_col-sm-2\"><div class=\"vc_column-inner\"><div class=\"wpb_wrapper\"><\/div><\/div><\/div><\/div><div data-vc-full-width=\"true\" data-vc-full-width-init=\"false\" data-vc-stretch-content=\"true\" class=\"vc_row wpb_row vc_row-fluid vc_custom_1638855338412 vc_row-has-fill vc_row-no-padding\"><div class=\"wpb_column vc_column_container vc_col-sm-3\"><div class=\"vc_column-inner\"><div class=\"wpb_wrapper\"><\/div><\/div><\/div><div class=\"wpb_column vc_column_container vc_col-sm-6\"><div class=\"vc_column-inner\"><div class=\"wpb_wrapper\"><div class=\"vc_empty_space\"   style=\"height: 5vh\"><span class=\"vc_empty_space_inner\"><\/span><\/div>\n\t<div class=\"wpb_text_column wpb_content_element  wpb_animate_when_almost_visible wpb_fadeInRight fadeInRight\" >\n\t\t<div class=\"wpb_wrapper\">\n\t\t\t<h3 style=\"text-align: center;\">Siehe <span style=\"font-weight: 400; font-size: 19px;\">Preise<\/span><\/h3>\n\n\t\t<\/div>\n\t<\/div>\n<div class=\"vc_empty_space\"   style=\"height: 2vh\"><span class=\"vc_empty_space_inner\"><\/span><\/div><script type=\"text\/javascript\">if(!gform){document.addEventListener(\"gform_main_scripts_loaded\",function(){gform.scriptsLoaded=!0}),window.addEventListener(\"DOMContentLoaded\",function(){gform.domLoaded=!0});var gform={domLoaded:!1,scriptsLoaded:!1,initializeOnLoaded:function(o){gform.domLoaded&&gform.scriptsLoaded?o():!gform.domLoaded&&gform.scriptsLoaded?window.addEventListener(\"DOMContentLoaded\",o):document.addEventListener(\"gform_main_scripts_loaded\",o)},hooks:{action:{},filter:{}},addAction:function(o,n,r,t){gform.addHook(\"action\",o,n,r,t)},addFilter:function(o,n,r,t){gform.addHook(\"filter\",o,n,r,t)},doAction:function(o){gform.doHook(\"action\",o,arguments)},applyFilters:function(o){return gform.doHook(\"filter\",o,arguments)},removeAction:function(o,n){gform.removeHook(\"action\",o,n)},removeFilter:function(o,n,r){gform.removeHook(\"filter\",o,n,r)},addHook:function(o,n,r,t,i){null==gform.hooks[o][n]&&(gform.hooks[o][n]=[]);var e=gform.hooks[o][n];null==i&&(i=n+\"_\"+e.length),null==t&&(t=10),gform.hooks[o][n].push({tag:i,callable:r,priority:t})},doHook:function(o,n,r){if(r=Array.prototype.slice.call(r,1),null!=gform.hooks[o][n]){var t,i=gform.hooks[o][n];i.sort(function(o,n){return o.priority-n.priority});for(var e=0;e<i.length;e++)\"function\"!=typeof(t=i[e].callable)&&(t=window[t]),\"action\"==o?t.apply(null,r):r[0]=t.apply(null,r)}if(\"filter\"==o)return r[0]},removeHook:function(o,n,r,t){if(null!=gform.hooks[o][n])for(var i=gform.hooks[o][n],e=i.length-1;0<=e;e--)null!=t&&t!=i[e].tag||null!=r&&r!=i[e].priority||i.splice(e,1)}}}<\/script>\n                <div class='gf_browser_gecko gform_wrapper gravity-theme' id='gform_wrapper_1' ><form method='post' enctype='multipart\/form-data'  id='gform_1'  action='\/de\/wp-json\/wp\/v2\/pages\/1393' data-trp-original-action=\"\/de\/wp-json\/wp\/v2\/pages\/1393\" >\n                        <div class='gform_body gform-body'><div id='gform_fields_1' class='gform_fields top_label form_sublabel_below description_below'><fieldset id=\"field_1_1\" class=\"gfield gfield_contains_required field_sublabel_hidden_label field_description_below gfield_visibility_visible\" ><legend class='gfield_label gfield_label_before_complex'  >Vollst\u00e4ndiger Name<span class=\"gfield_required\"><span class=\"gfield_required gfield_required_asterisk\">*<\/span><\/span><\/legend><div class='ginput_complex ginput_container no_prefix has_first_name no_middle_name no_last_name no_suffix gf_name_has_1 ginput_container_name' id='input_1_1'>\n                            \n                            <span id='input_1_1_3_container' class='name_first' >\n                                                    <input type='text' name='input_1.3' id='input_1_1_3' value='' aria-label='Vorname'   aria-required='true'     \/>\n                                                    <label for='input_1_1_3' class='hidden_sub_label screen-reader-text'>Vorname<\/label>\n                                                <\/span>\n                            \n                            \n                            \n                        <\/div><\/fieldset><div id=\"field_1_2\" class=\"gfield gfield_contains_required field_sublabel_below field_description_below gfield_visibility_visible\" ><label class='gfield_label' for='input_1_2' >E-Mail<span class=\"gfield_required\"><span class=\"gfield_required gfield_required_asterisk\">*<\/span><\/span><\/label><div class='ginput_container ginput_container_email'>\n                            <input name='input_2' id='input_1_2' type='text' value='' class='large'    aria-required=\"true\" aria-invalid=\"false\"  \/>\n                        <\/div><\/div><div id=\"field_1_3\" class=\"gfield gfield_contains_required field_sublabel_below field_description_below gfield_visibility_visible\" ><label class='gfield_label' for='input_1_3' >Telefon<span class=\"gfield_required\"><span class=\"gfield_required gfield_required_asterisk\">*<\/span><\/span><\/label><div class='ginput_container ginput_container_phone'><input name='input_3' id='input_1_3' type='text' value='' class='large'   aria-required=\"true\" aria-invalid=\"false\"   \/><\/div><\/div><div id=\"field_1_4\" class=\"gfield field_sublabel_below field_description_below gfield_visibility_visible\" ><label class='gfield_label' for='input_1_4' >Geplantes Reisedatum<\/label><div class='ginput_container ginput_container_date'>\n                            <input name='input_4' id='input_1_4' type='text' value='' class='datepicker mdy datepicker_with_icon gdatepicker_with_icon'   placeholder='mm\/tt\/jjjj' aria-describedby=\"input_1_4_date_format\" aria-invalid=\"false\" \/>\n                            <span id='input_1_4_date_format' class='screen-reader-text'>MM Schr\u00e4gstrich TT Schr\u00e4gstrich JJJJJ<\/span>\n                        <\/div>\n                        <input type='hidden' id='gforms_calendar_icon_input_1_4' class='gform_hidden' value='https:\/\/neotraveldesigners.com\/wp-content\/plugins\/gravityforms\/images\/datepicker\/datepicker.svg'\/><\/div><fieldset id=\"field_1_8\" class=\"gfield field_sublabel_below field_description_below gfield_visibility_visible\" ><legend class='gfield_label gfield_label_before_complex'  >Was bestimmt Ihre Art zu reisen am meisten?<\/legend><div class='ginput_container ginput_container_checkbox'><div class='gfield_checkbox' id='input_1_8'><div class='gchoice gchoice_1_8_1'>\n\t\t\t\t\t\t\t\t<input class='gfield-choice-input' name='input_8.1' type='checkbox'  value='Aventura'  id='choice_1_8_1'   \/>\n\t\t\t\t\t\t\t\t<label for='choice_1_8_1' id='label_1_8_1'>Abenteuer<\/label>\n\t\t\t\t\t\t\t<\/div><div class='gchoice gchoice_1_8_2'>\n\t\t\t\t\t\t\t\t<input class='gfield-choice-input' name='input_8.2' type='checkbox'  value='Ocio'  id='choice_1_8_2'   \/>\n\t\t\t\t\t\t\t\t<label for='choice_1_8_2' id='label_1_8_2'>Freizeit<\/label>\n\t\t\t\t\t\t\t<\/div><div class='gchoice gchoice_1_8_3'>\n\t\t\t\t\t\t\t\t<input class='gfield-choice-input' name='input_8.3' type='checkbox'  value='Gastro'  id='choice_1_8_3'   \/>\n\t\t\t\t\t\t\t\t<label for='choice_1_8_3' id='label_1_8_3'>Gastro<\/label>\n\t\t\t\t\t\t\t<\/div><div class='gchoice gchoice_1_8_4'>\n\t\t\t\t\t\t\t\t<input class='gfield-choice-input' name='input_8.4' type='checkbox'  value='Celebraci\u00f3n'  id='choice_1_8_4'   \/>\n\t\t\t\t\t\t\t\t<label for='choice_1_8_4' id='label_1_8_4'>Feierlichkeiten<\/label>\n\t\t\t\t\t\t\t<\/div><div class='gchoice gchoice_1_8_5'>\n\t\t\t\t\t\t\t\t<input class='gfield-choice-input' name='input_8.5' type='checkbox'  value='Lujo'  id='choice_1_8_5'   \/>\n\t\t\t\t\t\t\t\t<label for='choice_1_8_5' id='label_1_8_5'>Luxus<\/label>\n\t\t\t\t\t\t\t<\/div><div class='gchoice gchoice_1_8_6'>\n\t\t\t\t\t\t\t\t<input class='gfield-choice-input' name='input_8.6' type='checkbox'  value='Local'  id='choice_1_8_6'   \/>\n\t\t\t\t\t\t\t\t<label for='choice_1_8_6' id='label_1_8_6'>Lokales<\/label>\n\t\t\t\t\t\t\t<\/div><div class='gchoice gchoice_1_8_7'>\n\t\t\t\t\t\t\t\t<input class='gfield-choice-input' name='input_8.7' type='checkbox'  value='Enolog\u00eda'  id='choice_1_8_7'   \/>\n\t\t\t\t\t\t\t\t<label for='choice_1_8_7' id='label_1_8_7'>\u00d6nologie<\/label>\n\t\t\t\t\t\t\t<\/div><div class='gchoice gchoice_1_8_8'>\n\t\t\t\t\t\t\t\t<input class='gfield-choice-input' name='input_8.8' type='checkbox'  value='Experiencias'  id='choice_1_8_8'   \/>\n\t\t\t\t\t\t\t\t<label for='choice_1_8_8' id='label_1_8_8'>Erlebnisse<\/label>\n\t\t\t\t\t\t\t<\/div><div class='gchoice gchoice_1_8_9'>\n\t\t\t\t\t\t\t\t<input class='gfield-choice-input' name='input_8.9' type='checkbox'  value='Compras'  id='choice_1_8_9'   \/>\n\t\t\t\t\t\t\t\t<label for='choice_1_8_9' id='label_1_8_9'>Einkaufen<\/label>\n\t\t\t\t\t\t\t<\/div><\/div><\/div><\/fieldset><div id=\"field_1_9\" class=\"gfield gfield--width-full field_sublabel_below field_description_below gfield_visibility_visible\" ><label class='gfield_label' for='input_1_9' >Bemerkungen<\/label><div class='ginput_container ginput_container_textarea'><textarea name='input_9' id='input_1_9' class='textarea small'      aria-invalid=\"false\"   rows='10' cols='50'><\/textarea><\/div><\/div><fieldset id=\"field_1_10\" class=\"gfield gfield_contains_required field_sublabel_below field_description_below gfield_visibility_visible\" ><legend class='gfield_label gfield_label_before_complex'  >Zustimmung<span class=\"gfield_required\"><span class=\"gfield_required gfield_required_asterisk\">*<\/span><\/span><\/legend><div class='ginput_container ginput_container_consent'><input name='input_10.1' id='input_1_10_1' type='checkbox' value='1'   aria-required=\"true\" aria-invalid=\"false\"   \/> <label class=\"gfield_consent_label\" for='input_1_10_1' >Ich akzeptiere die <a href=\"https:\/\/neotraveldesigners.com\/de\/politica-de-privacidad\/\">Datenschutzbestimmungen<\/a><\/label><input type='hidden' name='input_10.2' value='Acepto la &lt;a href=&quot;\/politica-de-privacidad&quot;&gt;pol\u00edtica de privacidad&lt;\/a&gt;' class='gform_hidden' \/><input type='hidden' name='input_10.3' value='1' class='gform_hidden' \/><\/div><\/fieldset><\/div><\/div>\n        <div class='gform_footer top_label'> <input type='submit' id='gform_submit_button_1' class='gform_button button' value='PERS\u00d6NLICHE REISEN ANFORDERN'  onclick='if(window[\"gf_submitting_1\"]){return false;}  window[\"gf_submitting_1\"]=true;  ' onkeypress='if( event.keyCode == 13 ){ if(window[\"gf_submitting_1\"]){return false;} window[\"gf_submitting_1\"]=true;  jQuery(\"#gform_1\").trigger(\"submit\",[true]); }' \/> \n            <input type='hidden' class='gform_hidden' name='is_submit_1' value='1' \/>\n            <input type='hidden' class='gform_hidden' name='gform_submit' value='1' \/>\n            \n            <input type='hidden' class='gform_hidden' name='gform_unique_id' value='' \/>\n            <input type='hidden' class='gform_hidden' name='state_1' value='WyJ7XCIxMC4xXCI6XCIyNDMzMTQ4NDZkZWRlZmIxZDA0NGQwMjA5ODUxNWI5NlwiLFwiMTAuMlwiOlwiZTEzMDc4NDc0ODU5ZjFmYzRlMDdjNmYxYzYyNjQyODZcIixcIjEwLjNcIjpcIjI0MzMxNDg0NmRlZGVmYjFkMDQ0ZDAyMDk4NTE1Yjk2XCJ9IiwiNWExYTNhNWVhZDA1ZmUxNjc2NTFjMjgwYzEzZjRhYzUiXQ==' \/>\n            <input type='hidden' class='gform_hidden' name='gform_target_page_number_1' id='gform_target_page_number_1' value='0' \/>\n            <input type='hidden' class='gform_hidden' name='gform_source_page_number_1' id='gform_source_page_number_1' value='1' \/>\n            <input type='hidden' name='gform_field_values' value='' \/>\n            \n        <\/div>\n                        <input type=\"hidden\" name=\"trp-form-language\" value=\"de\"\/><\/form>\n                        <\/div><div class=\"vc_empty_space\"   style=\"height: 5vh\"><span class=\"vc_empty_space_inner\"><\/span><\/div><\/div><\/div><\/div><div class=\"wpb_column vc_column_container vc_col-sm-3\"><div class=\"vc_column-inner\"><div class=\"wpb_wrapper\"><\/div><\/div><\/div><\/div><div class=\"vc_row-full-width vc_clearfix\"><\/div>","protected":false},"excerpt":{"rendered":"Das Reiseziel Ma\u00dfgeschneiderte Reisen in die Vereinigten Staaten von Amerika Die Vereinigten Staaten von Amerika sind ein gro\u00dfes Mosaik an Attraktionen: wei\u00dfe Sandstr\u00e4nde, schneebedeckte Berge, wundersch\u00f6ne Nationalparks und Naturwunder, Gro\u00dfst\u00e4dte und helle Lichter, gegens\u00e4tzliche Kulturen und jede Menge Abenteuer, eine vielseitige Musikszene und nat\u00fcrlich Barbecue. ribs Von der Ost- bis zur Westk\u00fcste gibt es viel zu sehen und zu tun, aber es gibt zwei wichtige Regionen, die man nicht verpassen sollte: den S\u00fcdwesten und Alaska. Der S\u00fcdwesten befindet sich im s\u00fcdwestlichen Teil der Vereinigten Staaten. Es grenzt im Westen an Kalifornien,...","protected":false},"author":1,"featured_media":1394,"parent":1028,"menu_order":1,"comment_status":"closed","ping_status":"closed","template":"","meta":[],"blocksy_meta":{"styles_descriptor":{"styles":{"desktop":"","tablet":"","mobile":""},"google_fonts":[],"version":2}},"yoast_head":"<!-- This site is optimized with the Yoast SEO plugin v17.5 - https:\/\/yoast.com\/wordpress\/plugins\/seo\/ -->\n<title>Estados Unidos - NEOTRAVEL DESIGNERS<\/title>\n<meta name=\"robots\" content=\"index, follow, max-snippet:-1, max-image-preview:large, max-video-preview:-1\" \/>\n<link rel=\"canonical\" href=\"https:\/\/neotraveldesigners.com\/de\/destinos\/estados-unidos\/\" \/>\n<meta property=\"og:locale\" content=\"de_DE\" \/>\n<meta property=\"og:type\" content=\"article\" \/>\n<meta property=\"og:title\" content=\"Estados Unidos - NEOTRAVEL DESIGNERS\" \/>\n<meta property=\"og:url\" content=\"https:\/\/neotraveldesigners.com\/de\/destinos\/estados-unidos\/\" \/>\n<meta property=\"og:site_name\" content=\"NEOTRAVEL DESIGNERS\" \/>\n<meta property=\"og:image\" content=\"https:\/\/neotraveldesigners.com\/wp-content\/uploads\/2021\/12\/shutterstock_100637707.jpg\" \/>\n\t<meta property=\"og:image:width\" content=\"1000\" \/>\n\t<meta property=\"og:image:height\" content=\"665\" \/>\n<meta name=\"twitter:card\" content=\"summary_large_image\" \/>\n<meta name=\"twitter:label1\" content=\"Gesch\u00e4tzte Lesezeit\" \/>\n\t<meta name=\"twitter:data1\" content=\"1 Minute\" \/>\n<script type=\"application\/ld+json\" class=\"yoast-schema-graph\">{\"@context\":\"https:\/\/schema.org\",\"@graph\":[{\"@type\":\"WebSite\",\"@id\":\"https:\/\/neotraveldesigners.com\/esp\/#website\",\"url\":\"https:\/\/neotraveldesigners.com\/esp\/\",\"name\":\"NEOTRAVEL DESIGNERS\",\"description\":\"Explorando lo aut\\u00e9ntico\",\"potentialAction\":[{\"@type\":\"SearchAction\",\"target\":{\"@type\":\"EntryPoint\",\"urlTemplate\":\"https:\/\/neotraveldesigners.com\/esp\/?s={search_term_string}\"},\"query-input\":\"required name=search_term_string\"}],\"inLanguage\":\"de-DE\"},{\"@type\":\"ImageObject\",\"@id\":\"https:\/\/neotraveldesigners.com\/destinos\/estados-unidos#primaryimage\",\"inLanguage\":\"de-DE\",\"url\":\"https:\/\/neotraveldesigners.com\/wp-content\/uploads\/2021\/12\/shutterstock_100637707.jpg\",\"contentUrl\":\"https:\/\/neotraveldesigners.com\/wp-content\/uploads\/2021\/12\/shutterstock_100637707.jpg\",\"width\":1000,\"height\":665},{\"@type\":\"WebPage\",\"@id\":\"https:\/\/neotraveldesigners.com\/destinos\/estados-unidos#webpage\",\"url\":\"https:\/\/neotraveldesigners.com\/destinos\/estados-unidos\",\"name\":\"Estados Unidos - NEOTRAVEL DESIGNERS\",\"isPartOf\":{\"@id\":\"https:\/\/neotraveldesigners.com\/esp\/#website\"},\"primaryImageOfPage\":{\"@id\":\"https:\/\/neotraveldesigners.com\/destinos\/estados-unidos#primaryimage\"},\"datePublished\":\"2021-12-07T06:30:24+00:00\",\"dateModified\":\"2021-12-07T06:30:24+00:00\",\"breadcrumb\":{\"@id\":\"https:\/\/neotraveldesigners.com\/destinos\/estados-unidos#breadcrumb\"},\"inLanguage\":\"de-DE\",\"potentialAction\":[{\"@type\":\"ReadAction\",\"target\":[\"https:\/\/neotraveldesigners.com\/destinos\/estados-unidos\"]}]},{\"@type\":\"BreadcrumbList\",\"@id\":\"https:\/\/neotraveldesigners.com\/destinos\/estados-unidos#breadcrumb\",\"itemListElement\":[{\"@type\":\"ListItem\",\"position\":1,\"name\":\"Portada\",\"item\":\"https:\/\/neotraveldesigners.com\/\"},{\"@type\":\"ListItem\",\"position\":2,\"name\":\"Destinos\",\"item\":\"https:\/\/neotraveldesigners.com\/esp\/destinos\"},{\"@type\":\"ListItem\",\"position\":3,\"name\":\"Estados Unidos\"}]}]}<\/script>\n<!-- \/ Yoast SEO plugin. -->","yoast_head_json":{"title":"Estados Unidos - NEOTRAVEL DESIGNERS","robots":{"index":"index","follow":"follow","max-snippet":"max-snippet:-1","max-image-preview":"max-image-preview:large","max-video-preview":"max-video-preview:-1"},"canonical":"https:\/\/neotraveldesigners.com\/de\/destinos\/estados-unidos\/","og_locale":"de_DE","og_type":"article","og_title":"Estados Unidos - NEOTRAVEL DESIGNERS","og_url":"https:\/\/neotraveldesigners.com\/de\/destinos\/estados-unidos\/","og_site_name":"NEOTRAVEL DESIGNERS","og_image":[{"width":1000,"height":665,"url":"https:\/\/neotraveldesigners.com\/wp-content\/uploads\/2021\/12\/shutterstock_100637707.jpg","type":"image\/jpeg"}],"twitter_card":"summary_large_image","twitter_misc":{"Gesch\u00e4tzte Lesezeit":"1 Minute"},"schema":{"@context":"https:\/\/schema.org","@graph":[{"@type":"WebSite","@id":"https:\/\/neotraveldesigners.com\/esp\/#website","url":"https:\/\/neotraveldesigners.com\/esp\/","name":"NEOTRAVEL DESIGNERS","description":"Explorando lo aut\u00e9ntico","potentialAction":[{"@type":"SearchAction","target":{"@type":"EntryPoint","urlTemplate":"https:\/\/neotraveldesigners.com\/esp\/?s={search_term_string}"},"query-input":"required name=search_term_string"}],"inLanguage":"de-DE"},{"@type":"ImageObject","@id":"https:\/\/neotraveldesigners.com\/destinos\/estados-unidos#primaryimage","inLanguage":"de-DE","url":"https:\/\/neotraveldesigners.com\/wp-content\/uploads\/2021\/12\/shutterstock_100637707.jpg","contentUrl":"https:\/\/neotraveldesigners.com\/wp-content\/uploads\/2021\/12\/shutterstock_100637707.jpg","width":1000,"height":665},{"@type":"WebPage","@id":"https:\/\/neotraveldesigners.com\/destinos\/estados-unidos#webpage","url":"https:\/\/neotraveldesigners.com\/destinos\/estados-unidos","name":"Estados Unidos - NEOTRAVEL DESIGNERS","isPartOf":{"@id":"https:\/\/neotraveldesigners.com\/esp\/#website"},"primaryImageOfPage":{"@id":"https:\/\/neotraveldesigners.com\/destinos\/estados-unidos#primaryimage"},"datePublished":"2021-12-07T06:30:24+00:00","dateModified":"2021-12-07T06:30:24+00:00","breadcrumb":{"@id":"https:\/\/neotraveldesigners.com\/destinos\/estados-unidos#breadcrumb"},"inLanguage":"de-DE","potentialAction":[{"@type":"ReadAction","target":["https:\/\/neotraveldesigners.com\/destinos\/estados-unidos"]}]},{"@type":"BreadcrumbList","@id":"https:\/\/neotraveldesigners.com\/destinos\/estados-unidos#breadcrumb","itemListElement":[{"@type":"ListItem","position":1,"name":"Portada","item":"https:\/\/neotraveldesigners.com\/"},{"@type":"ListItem","position":2,"name":"Destinos","item":"https:\/\/neotraveldesigners.com\/esp\/destinos"},{"@type":"ListItem","position":3,"name":"Estados Unidos"}]}]}},"_links":{"self":[{"href":"https:\/\/neotraveldesigners.com\/de\/wp-json\/wp\/v2\/pages\/1393"}],"collection":[{"href":"https:\/\/neotraveldesigners.com\/de\/wp-json\/wp\/v2\/pages"}],"about":[{"href":"https:\/\/neotraveldesigners.com\/de\/wp-json\/wp\/v2\/types\/page"}],"author":[{"embeddable":true,"href":"https:\/\/neotraveldesigners.com\/de\/wp-json\/wp\/v2\/users\/1"}],"replies":[{"embeddable":true,"href":"https:\/\/neotraveldesigners.com\/de\/wp-json\/wp\/v2\/comments?post=1393"}],"version-history":[{"count":1,"href":"https:\/\/neotraveldesigners.com\/de\/wp-json\/wp\/v2\/pages\/1393\/revisions"}],"predecessor-version":[{"id":1395,"href":"https:\/\/neotraveldesigners.com\/de\/wp-json\/wp\/v2\/pages\/1393\/revisions\/1395"}],"up":[{"embeddable":true,"href":"https:\/\/neotraveldesigners.com\/de\/wp-json\/wp\/v2\/pages\/1028"}],"wp:featuredmedia":[{"embeddable":true,"href":"https:\/\/neotraveldesigners.com\/de\/wp-json\/wp\/v2\/media\/1394"}],"wp:attachment":[{"href":"https:\/\/neotraveldesigners.com\/de\/wp-json\/wp\/v2\/media?parent=1393"}],"curies":[{"name":"wp","href":"https:\/\/api.w.org\/{rel}","templated":true}]}}