{"id":53,"date":"2021-08-10T11:16:09","date_gmt":"2021-08-10T11:16:09","guid":{"rendered":"http:\/\/neotraveldesigners.com\/?page_id=53"},"modified":"2021-09-30T09:55:12","modified_gmt":"2021-09-30T09:55:12","slug":"politica-de-privacidad","status":"publish","type":"page","link":"https:\/\/neotraveldesigners.com\/esp\/politica-de-privacidad","title":{"rendered":"Pol\u00edtica de privacidad"},"content":{"rendered":"<div class=\"vc_row wpb_row vc_row-fluid\"><div class=\"wpb_column vc_column_container vc_col-sm-12\"><div class=\"vc_column-inner\"><div class=\"wpb_wrapper\">\n\t<div class=\"wpb_text_column wpb_content_element \" >\n\t\t<div class=\"wpb_wrapper\">\n\t\t\t<p>Debido a la aplicaci\u00f3n de la Nueva Normativa Europea para proteger la privacidad de los clientes y el correcto uso de sus datos (RGPD) a partir del 25 de mayo de 2018, nuestros t\u00e9rminos de protecci\u00f3n de datos cambian.<\/p>\n<h2 style=\"font-size: 22px;\">1.- RESPONSABLE<\/h2>\n<ul>\n<li>C.I.F.: B93013712<\/li>\n<li>Las Mimosas Golf Cabopino, Calle U2, 1D, 29604 Marbella<\/li>\n<\/ul>\n<h2 style=\"font-size: 22px;\">2.- INFORMACI\u00d3N\u00a0 Y CONSENTIMIENTO<\/h2>\n<p>Mediante la aceptaci\u00f3n de la presente Pol\u00edtica de Privacidad, el Usuario queda informado y presta su consentimiento libre, informado, espec\u00edfico e inequ\u00edvoco para que sus datos personales sean tratados por NEOTRAVEL DESIGNERS.<\/p>\n<h2 style=\"font-size: 22px;\">3.- \u00bfCON QU\u00c9 FINALIDAD TRATAR\u00c1 NEOTRAVEL DESIGNERS LOS DATOS PERSONALES DEL USUARIO?<\/h2>\n<p>Los datos personales facilitados del Usuario ser\u00e1n tratados por NEOTRAVEL DESIGNERS conforme a las siguientes finalidades:<\/p>\n<ul>\n<li>Llevar a cabo la prestaci\u00f3n de los servicios contratados, el mantenimiento de la relaci\u00f3n contractual y el seguimiento de la misma, as\u00ed como la realizaci\u00f3n de encuestas de satisfacci\u00f3n.<\/li>\n<li>Gestionar, tramitar y dar respuesta a peticiones, solicitudes, incidencias, quejas, reclamaciones o consultas del Usuario.<\/li>\n<li>Gestionar el env\u00edo de comunicaciones comerciales sobre productos y servicios comercializados por NEOTRAVEL DESIGNERS por medios electr\u00f3nicos y\/o convencionales.<\/li>\n<li>Elaborar un perfil comercial, recurriendo a fuentes propias para ofrecer al Usuario productos y servicios de acuerdo con sus intereses.<\/li>\n<\/ul>\n<h2 style=\"font-size: 22px;\">4.- \u00bfDURANTE CU\u00c1NTO TIEMPO TRATAR\u00c1 NEOTRAVEL DESIGNERS LOS DATOS PERSONALES DEL USUARIO?<\/h2>\n<p>Los datos del Usuario relacionados con el cumplimiento de la relaci\u00f3n contractual ser\u00e1n conservados con ese fin durante todo el tiempo en que el contrato est\u00e9 vigente y, a\u00fan despu\u00e9s, durante todo el tiempo exigido por la legislaci\u00f3n aplicable y hasta que prescriban las eventuales responsabilidades derivadas del contrato.En lo relativo al env\u00edo de comunicaciones comerciales, NEOTRAVEL DESIGNERS tratar\u00e1 los datos del Usuario, hasta que \u00e9ste se oponga.<\/p>\n<h2 style=\"font-size: 22px;\">5.- \u00bfQU\u00c9 DATOS DEL USUARIO TRATAR\u00c1 NEOTRAVEL DESIGNERS?<\/h2>\n<p>NEOTRAVEL DESIGNERS tratar\u00e1 las siguientes categor\u00edas de datos del Usuario:<\/p>\n<ul>\n<li>Datos identificativos: Nombre, Apellidos \/ Nombre de la empresa.<\/li>\n<li>Datos de contacto: direcci\u00f3n postal, direcci\u00f3n de correo electr\u00f3nico y tel\u00e9fono.<\/li>\n<\/ul>\n<p>En caso de que el Usuario facilite datos de terceros, manifiesta contar con el consentimiento de los mismos y se compromete a trasladarle la informaci\u00f3n contenida en la Pol\u00edtica de Privacidad, eximiendo a NEOTRAVEL DESIGNERS de cualquier responsabilidad en este sentido. No obstante, NEOTRAVEL DESIGNERS podr\u00e1 llevar a cabo las verificaciones peri\u00f3dicas para constatar este hecho, adoptando las medidas de diligencia debida que correspondan, conforme a la normativa de protecci\u00f3n de datos.<\/p>\n<h2 style=\"font-size: 22px;\">6.- \u00bfCU\u00c1L ES LA LEGITIMACI\u00d3N DEL TRATAMIENTO DE LOS DATOS DEL USUARIO?<\/h2>\n<p>El tratamiento de los datos del Usuario por parte de NEOTRAVEL DESIGNERS para el env\u00edo de comunicaciones comerciales, para la elaboraci\u00f3n de perfiles y para la realizaci\u00f3n de encuestas de satisfacci\u00f3n est\u00e1 basado en el inter\u00e9s leg\u00edtimo de NEOTRAVEL DESIGNERS de conformidad con lo establecido en el RGPD. Por otra parte, el tratamiento de los datos del Usuario para gestionar, tramitar y dar seguimiento a las compras realizadas por el Usuario es la ejecuci\u00f3n del contrato de compraventa, por lo que el suministro de los datos con este fin es obligado e impedir\u00eda su cumplimiento en caso contrario.<\/p>\n<h2 style=\"font-size: 22px;\">7 \u2013 \u00bfA QU\u00c9 DESTINATARIOS SE COMUNICAR\u00c1N LOS DATOS DEL USUARIO?<\/h2>\n<p>Los datos del Usuario podr\u00e1n ser comunicados, \u00fanicamente, a las Administraciones P\u00fablicas en los casos previstos por la Ley.<\/p>\n<h2 style=\"font-size: 22px;\">8 \u2013 COMUNICACIONES COMERCIALES Y PROMOCIONALES<\/h2>\n<p>Una de las finalidades para las que NEOTRAVEL DESIGNERS trata los datos personales proporcionados por parte de los Usuarios es para remitirles comunicaciones comerciales por medios electr\u00f3nicos y convencionales, con informaci\u00f3n relativa a productos, servicios, promociones, ofertas, eventos o noticias relevantes para los Usuarios. Siempre que se realice alguna comunicaci\u00f3n de este tipo, \u00e9sta ser\u00e1 dirigida \u00fanica y exclusivamente a aquellos Usuarios que no hubieran manifestado previamente su negativa a la recepci\u00f3n de las mismas. En caso de que el Usuario desee dejar de recibir comunicaciones comerciales o promocionales por parte de NEOTRAVEL DESIGNERS puede solicitar la baja del servicio enviando un email a la siguiente direcci\u00f3n de correo electr\u00f3nico: <a href=\"mailto:hello@neotraveldesigners.com\" target=\"_blank\" rel=\"noopener\">hello@neotraveldesigners.com<\/a> o mediante el link que figure en el footer de los correos electr\u00f3nicos promocionales.<\/p>\n<h2 style=\"font-size: 22px;\">9 \u2013 EJERCICIO DE DERECHOS<\/h2>\n<p>El Usuario puede enviar un correo electr\u00f3nico a <a href=\"mailto:hello@neotraveldesigners.com\" target=\"_blank\" rel=\"noopener\">hello@neotraveldesigners.com<\/a> con la Referencia \u201cProtecci\u00f3n de Datos\u201d, adjuntando fotocopia de su documento de identidad, en cualquier momento y de manera gratuita, para:<\/p>\n<ul>\n<li>Revocar los consentimientos otorgados.<\/li>\n<li>Obtener confirmaci\u00f3n acerca de si en NEOTRAVEL DESIGNERS se est\u00e1n tratando datos personales que conciernen al Usuario o no.<\/li>\n<li>Acceder a sus datos personales.<\/li>\n<li>Rectificar los datos inexactos o incompletos.<\/li>\n<li>Solicitar la supresi\u00f3n de sus datos cuando, entre otros motivos, los datos ya no sean necesarios para los fines que fueron recogidos.<\/li>\n<li>Obtener de NEOTRAVEL DESIGNERS la limitaci\u00f3n del tratamiento de los datos cuando se cumpla alguna de las condiciones previstas en la normativa de protecci\u00f3n de datos.<\/li>\n<li>Solicitar la portabilidad de sus datos.<\/li>\n<li>Reclamar ante la Agencia Espa\u00f1ola de Protecci\u00f3n de Datos, a trav\u00e9s de la siguiente direcci\u00f3n https:\/\/www.agpd.es, cuando el interesado considere que NEOTRAVEL DESIGNERS ha vulnerado los derechos que le son reconocidos por la normativa aplicable en protecci\u00f3n de datos.<\/li>\n<\/ul>\n<h2 style=\"font-size: 22px;\">10 \u2013 MEDIDAS DE SEGURIDAD NEOTRAVEL DESIGNERS<\/h2>\n<p>NEOTRAVEL DESIGNERS\u00a0tratar\u00e1 los datos del Usuario en todo momento de forma absolutamente confidencial y guardando el preceptivo deber de secreto respecto de los mismos, de conformidad con lo previsto en la normativa de aplicaci\u00f3n, adoptando al efecto las medidas de \u00edndole t\u00e9cnica y organizativas necesarias que garanticen la seguridad de sus datos y eviten su alteraci\u00f3n, p\u00e9rdida, tratamiento o acceso no autorizado, habida cuenta del estado de la tecnolog\u00eda, la naturaleza de los datos almacenados y los riesgos a que est\u00e1n expuestos.<\/p>\n<h2 style=\"font-size: 22px;\">11 \u2013 CAMBIOS<\/h2>\n<p>NEOTRAVEL DESIGNERS se reserva el derecho de revisar su Pol\u00edtica de Privacidad en el momento que lo considere oportuno. Por esta raz\u00f3n, le rogamos que compruebe de forma regular esta declaraci\u00f3n de privacidad para leer la versi\u00f3n m\u00e1s reciente de la Pol\u00edtica de Privacidad de NEOTRAVEL DESIGNERS.<\/p>\n\n\t\t<\/div>\n\t<\/div>\n<\/div><\/div><\/div><\/div>\n","protected":false},"excerpt":{"rendered":"Debido a la aplicaci\u00f3n de la Nueva Normativa Europea para proteger la privacidad de los clientes y el correcto uso de sus datos (RGPD) a partir del 25 de mayo de 2018, nuestros t\u00e9rminos de protecci\u00f3n de datos cambian. 1.- RESPONSABLE C.I.F.: B93013712 Las Mimosas Golf Cabopino, Calle U2, 1D, 29604 Marbella 2.- INFORMACI\u00d3N\u00a0 Y CONSENTIMIENTO Mediante la aceptaci\u00f3n de la presente Pol\u00edtica de Privacidad, el Usuario queda informado y presta su consentimiento libre, informado, espec\u00edfico e inequ\u00edvoco para que sus datos personales sean tratados por NEOTRAVEL DESIGNERS. 3.- \u00bfCON QU\u00c9 FINALIDAD TRATAR\u00c1 NEOTRAVEL DESIGNERS LOS DATOS PERSONALES DEL USUARIO?\u2026","protected":false},"author":1,"featured_media":77,"parent":0,"menu_order":0,"comment_status":"closed","ping_status":"closed","template":"","meta":[],"blocksy_meta":{"styles_descriptor":{"styles":{"desktop":"","tablet":"","mobile":""},"google_fonts":[],"version":2}},"yoast_head":"<!-- This site is optimized with the Yoast SEO plugin v17.5 - https:\/\/yoast.com\/wordpress\/plugins\/seo\/ -->\n<title>Pol\u00edtica de privacidad - NEOTRAVEL DESIGNERS<\/title>\n<meta name=\"robots\" content=\"noindex, nofollow\" \/>\n<meta property=\"og:locale\" content=\"es_ES\" \/>\n<meta property=\"og:type\" content=\"article\" \/>\n<meta property=\"og:title\" content=\"Pol\u00edtica de privacidad - NEOTRAVEL DESIGNERS\" \/>\n<meta property=\"og:url\" content=\"https:\/\/neotraveldesigners.com\/esp\/politica-de-privacidad\" \/>\n<meta property=\"og:site_name\" content=\"NEOTRAVEL DESIGNERS\" \/>\n<meta property=\"article:modified_time\" content=\"2021-09-30T09:55:12+00:00\" \/>\n<meta property=\"og:image\" content=\"http:\/\/neotraveldesigners.com\/wp-content\/uploads\/2021\/08\/Banner-Home-1.jpg\" \/>\n\t<meta property=\"og:image:width\" content=\"2000\" \/>\n\t<meta property=\"og:image:height\" content=\"1525\" \/>\n<meta name=\"twitter:card\" content=\"summary_large_image\" \/>\n<meta name=\"twitter:label1\" content=\"Tiempo de lectura\" \/>\n\t<meta name=\"twitter:data1\" content=\"5 minutos\" \/>\n<script type=\"application\/ld+json\" class=\"yoast-schema-graph\">{\"@context\":\"https:\/\/schema.org\",\"@graph\":[{\"@type\":\"WebSite\",\"@id\":\"https:\/\/neotraveldesigners.com\/esp\/#website\",\"url\":\"https:\/\/neotraveldesigners.com\/esp\/\",\"name\":\"NEOTRAVEL DESIGNERS\",\"description\":\"Explorando lo aut\\u00e9ntico\",\"potentialAction\":[{\"@type\":\"SearchAction\",\"target\":{\"@type\":\"EntryPoint\",\"urlTemplate\":\"https:\/\/neotraveldesigners.com\/esp\/?s={search_term_string}\"},\"query-input\":\"required name=search_term_string\"}],\"inLanguage\":\"es\"},{\"@type\":\"ImageObject\",\"@id\":\"https:\/\/neotraveldesigners.com\/esp\/politica-de-privacidad#primaryimage\",\"inLanguage\":\"es\",\"url\":\"https:\/\/neotraveldesigners.com\/wp-content\/uploads\/2021\/08\/Banner-Home-1.jpg\",\"contentUrl\":\"https:\/\/neotraveldesigners.com\/wp-content\/uploads\/2021\/08\/Banner-Home-1.jpg\",\"width\":2000,\"height\":1525},{\"@type\":\"WebPage\",\"@id\":\"https:\/\/neotraveldesigners.com\/esp\/politica-de-privacidad#webpage\",\"url\":\"https:\/\/neotraveldesigners.com\/esp\/politica-de-privacidad\",\"name\":\"Pol\\u00edtica de privacidad - NEOTRAVEL DESIGNERS\",\"isPartOf\":{\"@id\":\"https:\/\/neotraveldesigners.com\/esp\/#website\"},\"primaryImageOfPage\":{\"@id\":\"https:\/\/neotraveldesigners.com\/esp\/politica-de-privacidad#primaryimage\"},\"datePublished\":\"2021-08-10T11:16:09+00:00\",\"dateModified\":\"2021-09-30T09:55:12+00:00\",\"breadcrumb\":{\"@id\":\"https:\/\/neotraveldesigners.com\/esp\/politica-de-privacidad#breadcrumb\"},\"inLanguage\":\"es\",\"potentialAction\":[{\"@type\":\"ReadAction\",\"target\":[\"https:\/\/neotraveldesigners.com\/esp\/politica-de-privacidad\"]}]},{\"@type\":\"BreadcrumbList\",\"@id\":\"https:\/\/neotraveldesigners.com\/esp\/politica-de-privacidad#breadcrumb\",\"itemListElement\":[{\"@type\":\"ListItem\",\"position\":1,\"name\":\"Portada\",\"item\":\"https:\/\/neotraveldesigners.com\/\"},{\"@type\":\"ListItem\",\"position\":2,\"name\":\"Pol\\u00edtica de privacidad\"}]}]}<\/script>\n<!-- \/ Yoast SEO plugin. -->","yoast_head_json":{"title":"Pol\u00edtica de privacidad - NEOTRAVEL DESIGNERS","robots":{"index":"noindex","follow":"nofollow"},"og_locale":"es_ES","og_type":"article","og_title":"Pol\u00edtica de privacidad - NEOTRAVEL DESIGNERS","og_url":"https:\/\/neotraveldesigners.com\/esp\/politica-de-privacidad","og_site_name":"NEOTRAVEL DESIGNERS","article_modified_time":"2021-09-30T09:55:12+00:00","og_image":[{"width":2000,"height":1525,"url":"http:\/\/neotraveldesigners.com\/wp-content\/uploads\/2021\/08\/Banner-Home-1.jpg","type":"image\/jpeg"}],"twitter_card":"summary_large_image","twitter_misc":{"Tiempo de lectura":"5 minutos"},"schema":{"@context":"https:\/\/schema.org","@graph":[{"@type":"WebSite","@id":"https:\/\/neotraveldesigners.com\/esp\/#website","url":"https:\/\/neotraveldesigners.com\/esp\/","name":"NEOTRAVEL DESIGNERS","description":"Explorando lo aut\u00e9ntico","potentialAction":[{"@type":"SearchAction","target":{"@type":"EntryPoint","urlTemplate":"https:\/\/neotraveldesigners.com\/esp\/?s={search_term_string}"},"query-input":"required name=search_term_string"}],"inLanguage":"es"},{"@type":"ImageObject","@id":"https:\/\/neotraveldesigners.com\/esp\/politica-de-privacidad#primaryimage","inLanguage":"es","url":"https:\/\/neotraveldesigners.com\/wp-content\/uploads\/2021\/08\/Banner-Home-1.jpg","contentUrl":"https:\/\/neotraveldesigners.com\/wp-content\/uploads\/2021\/08\/Banner-Home-1.jpg","width":2000,"height":1525},{"@type":"WebPage","@id":"https:\/\/neotraveldesigners.com\/esp\/politica-de-privacidad#webpage","url":"https:\/\/neotraveldesigners.com\/esp\/politica-de-privacidad","name":"Pol\u00edtica de privacidad - NEOTRAVEL DESIGNERS","isPartOf":{"@id":"https:\/\/neotraveldesigners.com\/esp\/#website"},"primaryImageOfPage":{"@id":"https:\/\/neotraveldesigners.com\/esp\/politica-de-privacidad#primaryimage"},"datePublished":"2021-08-10T11:16:09+00:00","dateModified":"2021-09-30T09:55:12+00:00","breadcrumb":{"@id":"https:\/\/neotraveldesigners.com\/esp\/politica-de-privacidad#breadcrumb"},"inLanguage":"es","potentialAction":[{"@type":"ReadAction","target":["https:\/\/neotraveldesigners.com\/esp\/politica-de-privacidad"]}]},{"@type":"BreadcrumbList","@id":"https:\/\/neotraveldesigners.com\/esp\/politica-de-privacidad#breadcrumb","itemListElement":[{"@type":"ListItem","position":1,"name":"Portada","item":"https:\/\/neotraveldesigners.com\/"},{"@type":"ListItem","position":2,"name":"Pol\u00edtica de privacidad"}]}]}},"_links":{"self":[{"href":"https:\/\/neotraveldesigners.com\/esp\/wp-json\/wp\/v2\/pages\/53"}],"collection":[{"href":"https:\/\/neotraveldesigners.com\/esp\/wp-json\/wp\/v2\/pages"}],"about":[{"href":"https:\/\/neotraveldesigners.com\/esp\/wp-json\/wp\/v2\/types\/page"}],"author":[{"embeddable":true,"href":"https:\/\/neotraveldesigners.com\/esp\/wp-json\/wp\/v2\/users\/1"}],"replies":[{"embeddable":true,"href":"https:\/\/neotraveldesigners.com\/esp\/wp-json\/wp\/v2\/comments?post=53"}],"version-history":[{"count":6,"href":"https:\/\/neotraveldesigners.com\/esp\/wp-json\/wp\/v2\/pages\/53\/revisions"}],"predecessor-version":[{"id":1023,"href":"https:\/\/neotraveldesigners.com\/esp\/wp-json\/wp\/v2\/pages\/53\/revisions\/1023"}],"wp:featuredmedia":[{"embeddable":true,"href":"https:\/\/neotraveldesigners.com\/esp\/wp-json\/wp\/v2\/media\/77"}],"wp:attachment":[{"href":"https:\/\/neotraveldesigners.com\/esp\/wp-json\/wp\/v2\/media?parent=53"}],"curies":[{"name":"wp","href":"https:\/\/api.w.org\/{rel}","templated":true}]}}